{"id":3201,"date":"2023-12-14T12:14:12","date_gmt":"2023-12-14T12:14:12","guid":{"rendered":"https:\/\/ipfpericiales.com\/de\/politica-de-cookies\/"},"modified":"2026-02-27T17:19:33","modified_gmt":"2026-02-27T17:19:33","slug":"cookie-richtlinie","status":"publish","type":"page","link":"https:\/\/ipfpericiales.com\/de\/cookie-richtlinie\/","title":{"rendered":"Cookie-Richtlinie"},"content":{"rendered":"<p>Unsere Website verwendet eigene Cookies und Cookies von Drittanbietern, um die Navigation zu personalisieren, ihre Dienste zu verbessern und durch die Analyse der Surfgewohnheiten Werbung im Zusammenhang mit den Pr\u00e4ferenzen der Benutzer anzuzeigen.<\/p>\n<p>Wenn Sie weitersurfen, akzeptieren Sie deren Verwendung gem\u00e4\u00df unserer Cookie-Richtlinie.<\/p>\n<h2>Cookie-Richtlinie<\/h2>\n<p>Der Zugriff auf diese Website kann die Verwendung von Cookies beinhalten. Cookies sind kleine Informationsmengen, die in dem von jedem Benutzer verwendeten Browser gespeichert werden \u2013 auf den verschiedenen Ger\u00e4ten, die er m\u00f6glicherweise zum Surfen verwendet \u2013 so dass sich der Server bestimmte Informationen merkt, die sp\u00e4ter nur von dem Server gelesen werden, der sie implementiert hat. Cookies machen das Surfen einfacher und benutzerfreundlicher und sch\u00e4digen das Browserger\u00e4t nicht.<\/p>\n<p>Cookies sind automatische Verfahren zum Sammeln von Informationen im Zusammenhang mit den Pr\u00e4ferenzen, die der Benutzer w\u00e4hrend seines Besuchs auf der Website festgelegt hat, um ihn als Benutzer zu erkennen und seine Erfahrung und Nutzung der Website zu personalisieren, und sie k\u00f6nnen beispielsweise auch dazu beitragen Fehler erkennen und beheben.<\/p>\n<p>Zu den durch Cookies gesammelten Informationen k\u00f6nnen das Datum und die Uhrzeit des Besuchs der Website, die aufgerufenen Seiten, die auf der Website verbrachte Zeit und die unmittelbar vor und nach der Website besuchten Websites geh\u00f6ren. Allerdings erm\u00f6glicht kein Cookie die Kontaktaufnahme \u00fcber die Telefonnummer des Benutzers oder auf andere Weise der pers\u00f6nlichen Kontaktaufnahme. Kein Cookie kann Informationen von der Festplatte des Benutzers extrahieren oder pers\u00f6nliche Informationen stehlen. Die einzige M\u00f6glichkeit, dass die privaten Informationen des Benutzers Teil der Cookie-Datei werden, besteht darin, dass der Benutzer diese Informationen pers\u00f6nlich dem Server zur Verf\u00fcgung stellt.<\/p>\n<p>Cookies, die eine Identifizierung einer Person erm\u00f6glichen, gelten als personenbezogene Daten. F\u00fcr sie gelten daher die oben beschriebenen Datenschutzbestimmungen. In diesem Sinne ist f\u00fcr deren Nutzung die Zustimmung des Nutzers erforderlich . Diese Einwilligung wird auf der Grundlage einer authentischen Entscheidung, die durch eine bejahende und positive Entscheidung angeboten wird, vor der ersten, entfernbaren und dokumentierten Behandlung mitgeteilt.<\/p>\n<h4>Eigene Cookies<\/h4>\n<p>Dabei handelt es sich um Cookies, die an den Computer oder das Ger\u00e4t des Benutzers gesendet und ausschlie\u00dflich von uns verwaltet werden, um das optimale Funktionieren der Website zu gew\u00e4hrleisten. Die gesammelten Informationen werden verwendet, um die Qualit\u00e4t der Website und ihres Inhalts sowie Ihr Erlebnis als Benutzer zu verbessern. Diese Cookies erm\u00f6glichen es uns, den Benutzer als wiederkehrenden Besucher der Website zu erkennen und den Inhalt anzupassen, um Inhalte anzubieten, die seinen Vorlieben entsprechen.<\/p>\n<h4>Cookies von Drittanbietern<\/h4>\n<p>Hierbei handelt es sich um Cookies, die von externen Unternehmen verwendet und verwaltet werden, die von ihnen angeforderte Dienste bereitstellen, um die Website und das Benutzererlebnis beim Surfen auf der Website zu verbessern. Die Hauptziele, f\u00fcr die Cookies von Drittanbietern verwendet werden, bestehen darin, Zugriffsstatistiken zu erhalten und Navigationsinformationen zu analysieren, d. h. wie der Benutzer mit der Website interagiert.<\/p>\n<p>Die erhaltenen Informationen beziehen sich beispielsweise auf die Anzahl der besuchten Seiten, die Sprache, den Ort, von dem aus die IP-Adresse, von der aus der Benutzer zugreift, die Anzahl der Benutzer, die darauf zugreifen, die H\u00e4ufigkeit und Wiederkehr der Besuche, die Besuchszeit, den von ihnen verwendeten Browser, den Betreiber oder die Art des Ger\u00e4ts, von dem aus der Besuch erfolgt. Diese Informationen werden verwendet, um die Website zu verbessern und neue Bed\u00fcrfnisse zu erkennen, um den Benutzern Inhalte und\/oder Dienste von optimaler Qualit\u00e4t anzubieten. In jedem Fall werden die Informationen anonym gesammelt und Website-Trendberichte erstellt, ohne dass einzelne Benutzer identifiziert werden.<\/p>\n<p>Sie k\u00f6nnen weitere Informationen \u00fcber Cookies und Informationen zum Datenschutz erhalten oder die Beschreibung der Art der verwendeten Cookies, ihrer Hauptmerkmale, der Ablaufdauer usw. einsehen. unter folgenden Link(s):<\/p>\n<p>Die f\u00fcr die Bereitstellung von Cookies verantwortlichen Stellen k\u00f6nnen diese Informationen an Dritte weitergeben, sofern dies gesetzlich vorgeschrieben ist oder ein Dritter diese Informationen f\u00fcr diese Stellen verarbeitet.<\/p>\n<h4>Social-Media-Cookies<\/h4>\n<p>Diese Website enth\u00e4lt Plugins f\u00fcr soziale Netzwerke , die den Zugriff \u00fcber die Website erm\u00f6glichen. Aus diesem Grund k\u00f6nnen Cookies sozialer Netzwerke im Browser des Benutzers gespeichert werden. Die Eigent\u00fcmer dieser sozialen Netzwerke haben ihre eigenen Datenschutz- und Cookie-Richtlinien und sind jeweils selbst f\u00fcr ihre eigenen Dateien und ihre eigenen Datenschutzpraktiken verantwortlich. Der Nutzer muss sich dort informieren, um sich \u00fcber diese Cookies und gegebenenfalls die Verarbeitung seiner personenbezogenen Daten zu informieren. Lediglich zu Informationszwecken sind die Links unten aufgef\u00fchrt, \u00fcber die Sie diese Datenschutz- und\/oder Cookie-Richtlinien einsehen k\u00f6nnen:<\/p>\n<ul>\n<li>Facebook:<a href=\"https:\/\/www.facebook.com\/policies\/cookies\/\" target=\"_blank\" rel=\"noopener\"> https:\/\/www.facebook.com\/policies\/cookies\/<\/a><\/li>\n<li>X: <a href=\"https:\/\/twitter.com\/es\/privacy\" target=\"_blank\" rel=\"noopener\">https:\/\/twitter.com\/es\/privacy<\/a><\/li>\n<li>Instagram: <a href=\"https:\/\/help.instagram.com\/1896641480634370?ref=ig\" target=\"_blank\" rel=\"noopener\">https:\/\/help.instagram.com\/1896641480634370?ref=ig<\/a><\/li>\n<li>YouTube: <a href=\"https:\/\/policies.google.com\/privacy?hl=es-419&amp;gl=mx\" target=\"_blank\" rel=\"noopener\">https:\/\/policies.google.com\/privacy?hl=es-419&amp;gl=mx<\/a><\/li>\n<li>Pinterest: <a href=\"https:\/\/policy.pinterest.com\/es\/privacy-policy\" target=\"_blank\" rel=\"noopener\">https:\/\/policy.pinterest.com\/es\/privacy-policy<\/a><\/li>\n<li>LinkedIn: <a href=\"https:\/\/www.linkedin.com\/legal\/cookie-policy?trk=hp-cookies\" target=\"_blank\" rel=\"noopener\">https:\/\/www.linkedin.com\/legal\/cookie-policy?trk=hp-cookies<\/a><\/li>\n<\/ul>\n<h4>Cookies deaktivieren, ablehnen und l\u00f6schen<\/h4>\n<p>Der Benutzer kann die auf seinem Ger\u00e4t installierten Cookies ganz oder teilweise \u00fcber die Einstellungen seines Browsers (einschlie\u00dflich z. B. Chrome, Firefox, Edge, Opera, Safari) deaktivieren, ablehnen und l\u00f6schen. In diesem Sinne k\u00f6nnen die Verfahren zum Ablehnen und L\u00f6schen von Cookies von einem Internetbrowser zum anderen unterschiedlich sein. Folglich muss der Benutzer den Anweisungen des von ihm verwendeten Internetbrowsers folgen. Falls Sie die Verwendung von Cookies \u2013 ganz oder teilweise \u2013 ablehnen, k\u00f6nnen Sie die Website weiterhin nutzen, obwohl die Nutzung einiger ihrer Funktionen m\u00f6glicherweise eingeschr\u00e4nkt ist.<\/p>\n<h4>Kontaktinformationen<\/h4>\n<p>Bei Fragen oder Anmerkungen zu unserer Cookie-Richtlinie und dieser Erkl\u00e4rung kontaktieren Sie uns bitte \u00fcber die folgenden Kontaktdaten:<\/p>\n<p>IPF Asesoramiento y Consultor\u00eda, SL<br \/>\n<strong>Adresse:<\/strong> Stra\u00dfe Angelita Camarero, 1C. 28035 &#8211; Madrid<br \/>\n<strong>E-Mail:<\/strong> administracion@ipfpericiales.com<br \/>\n<strong>Telefon:<\/strong> +34 911 863 317<\/p>\n","protected":false},"excerpt":{"rendered":"<p>Unsere Website verwendet eigene Cookies und Cookies von Drittanbietern, um die Navigation zu personalisieren, ihre Dienste zu verbessern und durch [&hellip;]<\/p>\n","protected":false},"author":1,"featured_media":0,"parent":0,"menu_order":0,"comment_status":"closed","ping_status":"closed","template":"","meta":{"footnotes":""},"_links":{"self":[{"href":"https:\/\/ipfpericiales.com\/de\/wp-json\/wp\/v2\/pages\/3201"}],"collection":[{"href":"https:\/\/ipfpericiales.com\/de\/wp-json\/wp\/v2\/pages"}],"about":[{"href":"https:\/\/ipfpericiales.com\/de\/wp-json\/wp\/v2\/types\/page"}],"author":[{"embeddable":true,"href":"https:\/\/ipfpericiales.com\/de\/wp-json\/wp\/v2\/users\/1"}],"replies":[{"embeddable":true,"href":"https:\/\/ipfpericiales.com\/de\/wp-json\/wp\/v2\/comments?post=3201"}],"version-history":[{"count":2,"href":"https:\/\/ipfpericiales.com\/de\/wp-json\/wp\/v2\/pages\/3201\/revisions"}],"predecessor-version":[{"id":3280,"href":"https:\/\/ipfpericiales.com\/de\/wp-json\/wp\/v2\/pages\/3201\/revisions\/3280"}],"wp:attachment":[{"href":"https:\/\/ipfpericiales.com\/de\/wp-json\/wp\/v2\/media?parent=3201"}],"curies":[{"name":"wp","href":"https:\/\/api.w.org\/{rel}","templated":true}]}}