{"id":3193,"date":"2023-12-14T12:13:13","date_gmt":"2023-12-14T12:13:13","guid":{"rendered":"https:\/\/ipfpericiales.com\/de\/privacidad\/"},"modified":"2026-02-27T17:21:06","modified_gmt":"2026-02-27T17:21:06","slug":"datenschutzrichtlinie","status":"publish","type":"page","link":"https:\/\/ipfpericiales.com\/de\/datenschutzrichtlinie\/","title":{"rendered":"Datenschutzrichtlinie"},"content":{"rendered":"<h2>Datenschutzrichtlinie<\/h2>\n<p>Letzte Aktualisierung: Januar 2024.<\/p>\n<h4>1. Nutzerinformation<\/h4>\n<p>IPF Periciales informiert Sie als Datenverantwortlicher dar\u00fcber, dass in \u00dcbereinstimmung mit den Bestimmungen der Verordnung (EU) 2016\/679 vom 27. April (RGPD) und LO 3\/2018 vom 5. Dezember \u00fcber den Datenschutz und die Gew\u00e4hrleistung digitaler Rechte (LOPDGDD), wir werden Ihre Daten so behandeln, wie wir es in dieser Datenschutzrichtlinie darlegen.<\/p>\n<p>In dieser Datenschutzrichtlinie beschreiben wir, wie wir Ihre personenbezogenen Daten erfassen und warum wir sie erfassen, was wir damit machen, mit wem wir sie teilen, wie wir sie sch\u00fctzen und welche M\u00f6glichkeiten Sie hinsichtlich der Verarbeitung Ihrer personenbezogenen Daten haben.<\/p>\n<p>Diese Richtlinie gilt f\u00fcr die Verarbeitung Ihrer personenbezogenen Daten, die das Unternehmen zur Erbringung seiner Dienstleistungen erfasst. Wenn Sie die Ma\u00dfnahmen dieser Richtlinie akzeptieren, stimmen Sie der Verarbeitung Ihrer personenbezogenen Daten durch uns gem\u00e4\u00df der Definition dieser Richtlinie zu.<\/p>\n<h4>2. Kontakt<\/h4>\n<p><strong>Firmenname:<\/strong> IPF Asesoramiento y Consultor\u00eda, SL<br \/>\n<strong>Adresse:<\/strong> Stra\u00dfe Angelita Camarero, 1C. 28035 &#8211; Madrid<br \/>\n<strong>E-Mail:<\/strong> administracion@ipfpericiales.com<br \/>\n<strong>Telefon:<\/strong> +34 911 863 317<\/p>\n<h4>3. Grundprinzipien<\/h4>\n<p>Wir sind stets bestrebt, unsere Dienstleistungen auf h\u00f6chstem Qualit\u00e4tsniveau anzubieten, wozu auch der sichere und transparente Umgang mit Ihren Daten geh\u00f6rt. Unsere Grunds\u00e4tze sind:<\/p>\n<ul>\n<li><strong>Rechtm\u00e4\u00dfigkeit:<\/strong> Wir erfassen Ihre personenbezogenen Daten nur f\u00fcr bestimmte, eindeutige und legitime Zwecke.<\/li>\n<li><strong>Datenminimierung:<\/strong> Wir beschr\u00e4nken die Erhebung personenbezogener Daten auf das Ma\u00df, das f\u00fcr die Zwecke, f\u00fcr die sie erhoben wurden, unbedingt relevant und notwendig ist.<\/li>\n<li><strong>Zweckbindung:<\/strong> Wir erheben Ihre personenbezogenen Daten nur zu den angegebenen Zwecken und nur entsprechend Ihren W\u00fcnschen.<\/li>\n<li><strong>Genauigkeit:<\/strong> Wir sorgen daf\u00fcr, dass Ihre personenbezogenen Daten korrekt und aktuell sind.<\/li>\n<li><strong>Datensicherheit:<\/strong> Wir wenden angemessene technische und organisatorische Ma\u00dfnahmen an, die den Risiken angemessen sind, um sicherzustellen, dass Ihre Daten keinen Schaden erleiden, wie z. B. durch unbefugte Offenlegung oder unbefugten Zugriff, versehentliche oder unrechtm\u00e4\u00dfige Zerst\u00f6rung oder versehentlichen Verlust oder \u00c4nderung und jede andere Form illegaler Behandlung.<\/li>\n<li><strong>Zugriff und Berichtigung:<\/strong> Wir verf\u00fcgen \u00fcber die M\u00f6glichkeit, dass Sie auf Ihre Daten zugreifen oder diese berichtigen, wenn Sie dies f\u00fcr angemessen halten.<\/li>\n<li><strong>Aufbewahrung:<\/strong> Wir speichern Ihre personenbezogenen Daten rechtm\u00e4\u00dfig und angemessen und nur so lange, wie es f\u00fcr die Zwecke, f\u00fcr die sie erhoben wurden, erforderlich ist.<\/li>\n<li><strong>Internationale \u00dcbermittlungen:<\/strong> Wenn Ihre Daten au\u00dferhalb der EU\/des EWR \u00fcbermittelt werden sollen, werden sie angemessen gesch\u00fctzt.<\/li>\n<li><strong>Dritte:<\/strong> Der Zugriff auf und die \u00dcbermittlung personenbezogener Daten an Dritte erfolgt in \u00dcbereinstimmung mit den geltenden Gesetzen und Vorschriften sowie mit entsprechenden vertraglichen Garantien.<\/li>\n<li><strong>Direktmarketing und Cookies:<\/strong> Wir halten uns an die geltenden Gesetze zu Werbung und Cookies.<\/li>\n<\/ul>\n<h4>4. Erhebung und Verarbeitung personenbezogener Daten<\/h4>\n<p>Die Arten von Daten, die angefordert und verarbeitet werden k\u00f6nnen, sind:<\/p>\n<ul>\n<li>Identifikationsdaten.<\/li>\n<\/ul>\n<p>Wir erfassen au\u00dferdem automatisch Daten \u00fcber Ihren Besuch auf unserer Website, wie in der Cookie-Richtlinie beschrieben.<\/p>\n<p>Wann immer wir Ihre personenbezogenen Daten anfordern, werden wir Sie klar dar\u00fcber informieren, welche personenbezogenen Daten wir zu welchem Zweck erfassen. Im Allgemeinen erheben und verarbeiten wir Ihre personenbezogenen Daten zu folgenden Zwecken:<\/p>\n<ul>\n<li>Bereitstellung von Informationen, Dienstleistungen, Produkten, relevanten Informationen und Neuigkeiten in der Branche.<\/li>\n<li>Senden von Mitteilungen.<\/li>\n<\/ul>\n<h4>5. Legitimit\u00e4t<\/h4>\n<p>In \u00dcbereinstimmung mit den geltenden Datenschutzbestimmungen d\u00fcrfen Ihre personenbezogenen Daten verarbeitet werden, sofern :<\/p>\n<ul>\n<li>Sie haben uns f\u00fcr die Zwecke der Behandlung Ihre Einwilligung erteilt. Selbstverst\u00e4ndlich k\u00f6nnen Sie Ihre Einwilligung jederzeit widerrufen.<\/li>\n<li>Aufgrund gesetzlicher Vorgaben.<\/li>\n<li>Denn es besteht ein berechtigtes Interesse, das nicht durch Ihre Datenschutzrechte beeintr\u00e4chtigt wird, wie z. B. die Zusendung kommerzieller Informationen, sei es durch das Abonnieren unseres Newsletters oder durch die<\/li>\n<\/ul>\n<p>Mitgliedschaft als Kunde.<\/p>\n<ul>\n<li>Weil es f\u00fcr die Erbringung unserer Leistungen im Rahmen einer Vertragsbeziehung zwischen Ihnen und uns erforderlich ist.<\/li>\n<\/ul>\n<h4>6. \u00dcbermittlung personenbezogener Daten<\/h4>\n<p>Die Daten k\u00f6nnen an mit IPF Periciales verbundene Unternehmen zur Erbringung verschiedener Dienstleistungen als Datenverarbeiter weitergegeben werden. Das Unternehmen nimmt keine \u00dcbertragungen vor, es sei denn, es besteht eine gesetzliche Verpflichtung.<\/p>\n<h4>7. Rechte<\/h4>\n<p>Im Zusammenhang mit der Erhebung und Verarbeitung Ihrer personenbezogenen Daten k\u00f6nnen Sie sich jederzeit an uns wenden, um:<\/p>\n<ul>\n<li>Zugriff auf Ihre pers\u00f6nlichen Daten und alle anderen in Artikel 15.1 der DSGVO genannten Informationen.<\/li>\n<li>Berichtigung unrichtiger oder unvollst\u00e4ndiger personenbezogener Daten gem\u00e4\u00df Artikel 16 DSGVO.<\/li>\n<li>L\u00f6schen Sie Ihre personenbezogenen Daten gem\u00e4\u00df Artikel 17 der DSGVO.<\/li>\n<li>Beschr\u00e4nken Sie die Verarbeitung Ihrer personenbezogenen Daten gem\u00e4\u00df Artikel 18 der DSGVO.<\/li>\n<li>Fordern Sie die \u00dcbertragbarkeit Ihrer Daten gem\u00e4\u00df Artikel 20 der DSGVO an.<\/li>\n<li>Widerspruch gegen die Verarbeitung Ihrer personenbezogenen Daten gem\u00e4\u00df Artikel 21 DSGVO einlegen.<\/li>\n<\/ul>\n<p>Wenn Sie Ihre Einwilligung f\u00fcr einen bestimmten Zweck erteilt haben, haben Sie das Recht, die erteilte Einwilligung jederzeit zu widerrufen, ohne dass die Rechtm\u00e4\u00dfigkeit der aufgrund der Einwilligung bis zum Widerruf erfolgten Verarbeitung ber\u00fchrt wird.<\/p>\n<p>Sie k\u00f6nnen diese Rechte aus\u00fcben, indem Sie eine motivierte und akkreditierte Mitteilung an administracion@ipfpericiales.com senden<\/p>\n<p>Sie haben auch das Recht, bei der zust\u00e4ndigen Aufsichtsbeh\u00f6rde (www.aepd.es) eine Beschwerde einzureichen, wenn Sie der Meinung sind, dass die Behandlung nicht den geltenden Vorschriften entspricht.<\/p>\n<h4>8. Rechtsinformation<\/h4>\n<p>Die Anforderungen dieser Richtlinie erg\u00e4nzen und ersetzen keine anderen Anforderungen des geltenden Datenschutzrechts, die in jedem Fall Vorrang haben.<br \/>\nDiese Richtlinie unterliegt einer regelm\u00e4\u00dfigen \u00dcberpr\u00fcfung und kann vom Unternehmen jederzeit ge\u00e4ndert werden. In diesem Fall werden wir Sie \u00fcber etwaige \u00c4nderungen informieren und Sie bitten, die neueste Version unserer Richtlinie erneut zu lesen und Ihr Einverst\u00e4ndnis zu best\u00e4tigen.<\/p>\n","protected":false},"excerpt":{"rendered":"<p>Datenschutzrichtlinie Letzte Aktualisierung: Januar 2024. 1. Nutzerinformation IPF Periciales informiert Sie als Datenverantwortlicher dar\u00fcber, dass in \u00dcbereinstimmung mit den Bestimmungen [&hellip;]<\/p>\n","protected":false},"author":1,"featured_media":0,"parent":0,"menu_order":0,"comment_status":"closed","ping_status":"closed","template":"","meta":{"footnotes":""},"_links":{"self":[{"href":"https:\/\/ipfpericiales.com\/de\/wp-json\/wp\/v2\/pages\/3193"}],"collection":[{"href":"https:\/\/ipfpericiales.com\/de\/wp-json\/wp\/v2\/pages"}],"about":[{"href":"https:\/\/ipfpericiales.com\/de\/wp-json\/wp\/v2\/types\/page"}],"author":[{"embeddable":true,"href":"https:\/\/ipfpericiales.com\/de\/wp-json\/wp\/v2\/users\/1"}],"replies":[{"embeddable":true,"href":"https:\/\/ipfpericiales.com\/de\/wp-json\/wp\/v2\/comments?post=3193"}],"version-history":[{"count":3,"href":"https:\/\/ipfpericiales.com\/de\/wp-json\/wp\/v2\/pages\/3193\/revisions"}],"predecessor-version":[{"id":3283,"href":"https:\/\/ipfpericiales.com\/de\/wp-json\/wp\/v2\/pages\/3193\/revisions\/3283"}],"wp:attachment":[{"href":"https:\/\/ipfpericiales.com\/de\/wp-json\/wp\/v2\/media?parent=3193"}],"curies":[{"name":"wp","href":"https:\/\/api.w.org\/{rel}","templated":true}]}}