{"id":3183,"date":"2023-12-14T12:10:44","date_gmt":"2023-12-14T12:10:44","guid":{"rendered":"https:\/\/ipfpericiales.com\/de\/aviso-legal\/"},"modified":"2026-02-27T17:17:53","modified_gmt":"2026-02-27T17:17:53","slug":"rechtliche-hinweis","status":"publish","type":"page","link":"https:\/\/ipfpericiales.com\/de\/rechtliche-hinweis\/","title":{"rendered":"Rechtliche Hinweis"},"content":{"rendered":"<h2>Rechtliche Hinweis<\/h2>\n<p>Dieser rechtliche Hinweis regelt die Nutzung und Nutzung der Website www.ipfpericiales.com, Eigentum von IPF Asesoramiento y Consultor\u00eda, SL (im Folgenden IPF Periciales oder der Verantwortliche).<\/p>\n<p>IPF Periciales, verantwortlich f\u00fcr die Website, stellt den Benutzern dieses Dokument zur Verf\u00fcgung, mit dem es auch den Verpflichtungen nachkommt, die im Gesetz 34\/2002 vom 11. Juli \u00fcber Dienste der Informationsgesellschaft und den elektronischen Handel (LSSICE) festgelegt sind sowie die Information aller Nutzer der Website \u00fcber die Nutzungsbedingungen.<\/p>\n<p>Jede Person, die auf diese Website zugreift, \u00fcbernimmt die Rolle des Benutzers und verpflichtet sich zur strikten Einhaltung und Einhaltung der hier dargelegten Bestimmungen sowie aller anderen m\u00f6glicherweise anwendbaren gesetzlichen Bestimmungen.<\/p>\n<p>IPF Periciales beh\u00e4lt sich das Recht vor, jegliche Art von Informationen, die auf der Website erscheinen, zu \u00e4ndern, ohne dass eine Verpflichtung besteht, die Benutzer \u00fcber diese Verpflichtungen zu benachrichtigen oder zu informieren, wobei die Ver\u00f6ffentlichung auf der IPF Periciales-Website als ausreichend angesehen wird.<\/p>\n<h4>1. Identifikationsdaten<\/h4>\n<p><strong>Firmenname:<\/strong> IPF Asesoramiento y Consultor\u00eda, SL<br \/>\n<strong>Adresse:<\/strong> Stra\u00dfe Angelita Camarero, 1C. 28035 &#8211; Madrid<br \/>\n<strong>E-Mail:<\/strong> administracion@ipfpericiales.com<br \/>\n<strong>Telefon:<\/strong> +34 911 863 317<br \/>\n<strong>NIF:<\/strong> B87656161<br \/>\n<strong>Registerdaten:<\/strong> Handelsregister von Madrid, Band 35083, Blatt 205, Abschnitt 8, Seite M 630924, Eintrag 1<\/p>\n<h4>2. Objekt<\/h4>\n<p>\u00dcber die Website bieten wir Benutzern die M\u00f6glichkeit, auf Informationen \u00fcber unsere Dienstleistungen zuzugreifen.<\/p>\n<h4>3. Datenschutz und Datenverarbeitung<\/h4>\n<p>Wenn es f\u00fcr den Zugriff auf bestimmte Inhalte oder Dienste erforderlich ist, personenbezogene Daten bereitzustellen, garantieren die Benutzer deren Richtigkeit, Genauigkeit, Authentizit\u00e4t und G\u00fcltigkeit. Das Unternehmen wird diese Daten entsprechend ihrer Art oder ihrem Zweck gem\u00e4\u00df den im Abschnitt \u201eDatenschutzrichtlinie\u201c angegebenen Bedingungen der entsprechenden automatisierten Verarbeitung unterziehen.<\/p>\n<h4>4. Gewerbliches und geistiges Eigentum<\/h4>\n<p>Der Benutzer erkennt an und akzeptiert, dass alle im Webspace angezeigten Inhalte und insbesondere Designs, Texte, Bilder, Logos, Symbole, Schaltfl\u00e4chen, Software, Handelsnamen, Marken oder andere Zeichen, die f\u00fcr eine industrielle Nutzung und\/oder kommerzielle Verwendung geeignet sind unterliegen den Rechten an geistigem Eigentum und allen Marken, Handelsnamen oder Unterscheidungszeichen, allen gewerblichen und geistigen Eigentumsrechten an den Inhalten und\/oder anderen auf der Seite eingef\u00fcgten Elementen, die ausschlie\u00dfliches Eigentum des Unternehmens und\/oder Dritter sind. die das ausschlie\u00dfliche Recht haben, sie im Wirtschaftsverkehr zu nutzen. Aus all diesen Gr\u00fcnden verpflichtet sich der Nutzer, diese Inhalte nicht zu reproduzieren, zu kopieren, zu verbreiten, zur Verf\u00fcgung zu stellen oder auf andere Weise \u00f6ffentlich zu kommunizieren, umzuwandeln oder zu modifizieren, und h\u00e4lt das Unternehmen von jeglichen Anspr\u00fcchen frei, die sich aus der Nichteinhaltung dieser Verpflichtungen ergeben. In keinem Fall bedeutet der Zugriff auf den Webspace irgendeine Art von Verzicht, \u00dcbertragung, Lizenz oder vollst\u00e4ndige oder teilweise \u00dcbertragung dieser Rechte, sofern nicht ausdr\u00fccklich etwas anderes vereinbart ist. Diese Allgemeinen Nutzungsbedingungen des Webspace gew\u00e4hren den Benutzern kein anderes Recht zur Nutzung, Bearbeitung, \u00c4nderung, Verwertung, Vervielf\u00e4ltigung, Verbreitung oder \u00f6ffentlichen Kommunikation des Webspace und\/oder seiner Inhalte als die hier ausdr\u00fccklich vorgesehenen. Jede andere Nutzung oder Verwertung jeglicher Rechte bedarf der vorherigen und ausdr\u00fccklichen Zustimmung des Unternehmens oder des Drittinhabers der betroffenen Rechte, die speziell f\u00fcr diesen Zweck erteilt wurde.<\/p>\n<p>Bilder , Computerprogramme, Quellcodes und im Allgemeinen alle in diesem Raum vorhandenen geistigen Sch\u00f6pfungen sowie der Raum selbst als Ganzes als multimediales k\u00fcnstlerisches Werk sind gesch\u00fctzt Rechte. Urheberrecht durch die Gesetzgebung zum geistigen Eigentum. Das Unternehmen ist Eigent\u00fcmer der Elemente, aus denen das grafische Design des Webspace besteht, der Men\u00fcs, Navigationsschaltfl\u00e4chen, des HTML-Codes, der Texte, Bilder, Texturen, Grafiken und aller anderen Inhalte des Webspace oder in jedem Fall , er \u00fcber die entsprechende Berechtigung zur Nutzung dieser Elemente verf\u00fcgt. Der im Webspace bereitgestellte Inhalt darf weder ganz noch teilweise reproduziert , noch \u00fcbertragen oder von einem Informationsabfragesystem in irgendeiner Form oder mit irgendwelchen Mitteln aufgezeichnet werden, es sei denn, es liegt eine vorherige schriftliche Genehmigung des oben genannten Unternehmens vor.<\/p>\n<p>Ebenso ist es untersagt, das \u201eUrheberrecht\u201c sowie die technischen Schutzvorrichtungen oder etwaige in den Inhalten enthaltene Informationsmechanismen zu l\u00f6schen, zu umgehen und\/oder zu manipulieren. Der Nutzer dieses Webspace verpflichtet sich, die genannten Rechte zu respektieren und jede Handlung zu vermeiden, die ihm schaden k\u00f6nnte, wobei es sich in jedem Fall das Unternehmen vorbeh\u00e4lt, alle ihm entsprechenden rechtlichen Mittel oder Ma\u00dfnahmen zur Verteidigung seiner legitimen geistigen und gewerblichen Eigentumsrechte auszu\u00fcben.<\/p>\n<h4>5. Pflichten und Verantwortlichkeiten des Nutzers des Webspace<\/h4>\n<p>Der Nutzer verpflichtet sich:<\/p>\n<ul>\n<li>Nutzen Sie den Webspace sowie die Inhalte und Dienste angemessen und rechtm\u00e4\u00dfig gem\u00e4\u00df: (i) den jeweils geltenden Gesetzen; (ii) die Allgemeinen Nutzungsbedingungen des Webspace; (iii) allgemein anerkannte Moral und gute Sitten und (iv) \u00f6ffentliche Ordnung.<\/li>\n<li>Stellen Sie sich alle notwendigen Mittel und technischen Voraussetzungen f\u00fcr den Zugriff auf den Webspace zur Verf\u00fcgung.<\/li>\n<li>Geben Sie wahrheitsgem\u00e4\u00dfe Informationen an, indem Sie die im Webspace enthaltenen Formulare mit Ihren pers\u00f6nlichen Daten ausf\u00fcllen und diese stets auf dem neuesten Stand halten, damit sie jederzeit der tats\u00e4chlichen Situation des Benutzers entsprechen. Der Nutzer tr\u00e4gt die alleinige Verantwortung f\u00fcr etwaige falsche oder ungenaue Angaben sowie f\u00fcr etwaige Sch\u00e4den, die dem Unternehmen oder Dritten aufgrund der bereitgestellten Informationen entstehen.<br \/>\nWie im vorherigen Abschnitt dargelegt, muss der Benutzer jedoch Folgendes unterlassen:<\/li>\n<li>Den Webspace und\/oder die Inhalte unbefugt oder betr\u00fcgerisch f\u00fcr illegale Zwecke oder Zwecke nutzen, die in diesen Allgemeinen Nutzungsbedingungen verboten sind, die Rechte und Interessen Dritter sch\u00e4digen oder die in irgendeiner Weise sch\u00e4digen, deaktivieren oder \u00fcberlasten k\u00f6nnten. die normale Nutzung der Dienste oder der auf Computerger\u00e4ten gespeicherten Dokumente, Dateien und Inhalte aller Art beeintr\u00e4chtigen oder verhindern.<\/li>\n<li>Auf Ressourcen oder eingeschr\u00e4nkte Bereiche des Webspace zuzugreifen oder dies zu versuchen, ohne die f\u00fcr diesen Zugriff erforderlichen Bedingungen zu erf\u00fcllen.<\/li>\n<li>Sch\u00e4den an den physischen oder logischen Systemen des Webspace, seiner Lieferanten oder Dritter verursachen.<\/li>\n<li>Computerviren oder andere physische oder logische Systeme im Netzwerk einzuf\u00fchren oder zu verbreiten, die wahrscheinlich Sch\u00e4den an den physischen oder logischen Systemen des Unternehmens, der Lieferanten oder Dritter verursachen.<\/li>\n<li>Versuchen Sie, auf die Daten des Unternehmens, von Drittanbietern und anderen Benutzern zuzugreifen, diese zu nutzen und\/oder zu manipulieren.<\/li>\n<li>Die Inhalte zu reproduzieren oder zu kopieren, zu verbreiten, der \u00d6ffentlichkeit durch jede Form \u00f6ffentlicher Kommunikation zug\u00e4nglich zu machen, umzuwandeln oder zu modifizieren, es sei denn, Sie verf\u00fcgen \u00fcber die Genehmigung des Inhabers der entsprechenden Rechte oder es ist gesetzlich zul\u00e4ssig.<\/li>\n<li>L\u00f6schen, verbergen oder manipulieren Sie die Hinweise zu geistigen oder gewerblichen Eigentumsrechten und anderen in den Inhalten enthaltenen Daten, die die Rechte des Unternehmens oder Dritter identifizieren, sowie der technischen Schutzvorrichtungen oder etwaigen Informationsmechanismen, die in den Inhalt eingef\u00fcgt werden k\u00f6nnen.<\/li>\n<li>Sich die Inhalte mit anderen Mitteln oder Verfahren zu beschaffen und zu versuchen, sie zu erhalten als diejenigen, die je nach Fall zu diesem Zweck zur Verf\u00fcgung gestellt wurden oder ausdr\u00fccklich auf den Webseiten angegeben wurden, auf denen sich die Inhalte befinden, oder ganz allgemein von denen, die dies tun werden h\u00e4ufig im Internet verwendet, da sie kein Risiko einer Besch\u00e4digung oder Deaktivierung des Webspace und\/oder der Inhalte mit sich bringen.<\/li>\n<li>Der Nutzer verpflichtet sich insbesondere und zu lediglich indikativen und nicht ersch\u00f6pfenden Zwecken, keine Informationen, Daten, Inhalte, Nachrichten, Grafiken, Zeichnungen, Ton- und\/oder Bilddateien, Fotos, Aufzeichnungen, Software und im Allgemeinen jede Art von Material, das:\n<ul>\n<li>In irgendeiner Weise verst\u00f6\u00dft es gegen die Grundrechte und \u00f6ffentlichen Freiheiten, die in der Verfassung, in internationalen Vertr\u00e4gen und in der \u00fcbrigen geltenden Gesetzgebung anerkannt sind, sie schm\u00e4lert sie oder greift sie an.<\/li>\n<li>Handlungen veranlassen, anstiften oder f\u00f6rdern, die kriminell, verunglimpfend, verleumderisch, gewaltt\u00e4tig sind oder ganz allgemein gegen das Gesetz, die Moral, allgemein anerkannte gute Sitten oder die \u00f6ffentliche Ordnung versto\u00dfen.<\/li>\n<li>Diskriminierende Handlungen, Einstellungen oder Gedanken aufgrund von Geschlecht, Rasse, Religion, Glauben, Alter oder Zustand induzieren, anregen oder f\u00f6rdern.<\/li>\n<li>Produkte, Elemente, Nachrichten und\/oder Dienste, die kriminell, gewaltt\u00e4tig, anst\u00f6\u00dfig, sch\u00e4dlich, erniedrigend oder ganz allgemein gegen das Gesetz, die Moral und die allgemein anerkannten guten Sitten oder die \u00f6ffentliche Ordnung versto\u00dfen, einbinden, verf\u00fcgbar machen oder den Zugriff darauf erm\u00f6glichen. F\u00fchrt zu einem inakzeptablen Angst- oder Furchtzustand oder kann dazu f\u00fchren.<\/li>\n<li>Induziert oder regt dazu an, sich an Praktiken zu beteiligen, die gef\u00e4hrlich, riskant oder sch\u00e4dlich f\u00fcr die Gesundheit und das geistige Gleichgewicht sind.<\/li>\n<li>Es ist durch die Gesetzgebung zum geistigen oder gewerblichen Schutz des Unternehmens oder Dritter gesch\u00fctzt, ohne dass die beabsichtigte Verwendung genehmigt wurde.<\/li>\n<li>Widersprechen Sie der Ehre, der pers\u00f6nlichen und famili\u00e4ren Intimit\u00e4t oder dem eigenen Image anderer.<\/li>\n<li>Jede Art von Werbung darstellen.<\/li>\n<li>Einschlie\u00dfen jeglicher Art von Viren oder Programmen, die das normale Funktionieren des Webspace verhindern.<\/li>\n<\/ul>\n<\/li>\n<\/ul>\n<p>Wenn Ihnen f\u00fcr den Zugriff auf einige Dienste und\/oder Inhalte des Webspace ein Passwort zur Verf\u00fcgung gestellt wird, sind Sie verpflichtet, dieses sorgf\u00e4ltig zu verwenden und es stets geheim zu halten. Folglich sind Sie f\u00fcr die angemessene Verwahrung und Vertraulichkeit verantwortlich und verpflichten sich, diese weder vor\u00fcbergehend noch dauerhaft an Dritte weiterzugeben oder Au\u00dfenstehenden den Zugriff auf die oben genannten Dienste und\/oder Inhalte zu gestatten. Ebenso sind Sie verpflichtet, das Unternehmen \u00fcber alle Ereignisse zu informieren, die eine missbr\u00e4uchliche Verwendung Ihres Passworts nach sich ziehen k\u00f6nnten, wie zum Beispiel, aber nicht beschr\u00e4nkt auf, Diebstahl, Verlust oder unbefugten Zugriff, um dessen sofortige L\u00f6schung zu veranlassen. Folglich ist das Unternehmen bis zur oben genannten Benachrichtigung von jeglicher Haftung befreit, die sich aus der missbr\u00e4uchlichen Verwendung Ihres Passworts und der illegalen Nutzung der Inhalte und\/oder Dienste des Webspace durch unrechtm\u00e4\u00dfige Dritte ergeben k\u00f6nnte seine Verantwortung. Wenn Sie fahrl\u00e4ssig oder vors\u00e4tzlich einer der in diesen Allgemeinen Nutzungsbedingungen festgelegten Verpflichtungen nicht nachkommen, haften Sie f\u00fcr alle Sch\u00e4den, die dem Unternehmen aus dieser Nichterf\u00fcllung entstehen k\u00f6nnen.<\/p>\n<h4>6. Verantwortlichkeiten<\/h4>\n<p>Der kontinuierliche Zugriff sowie die korrekte Anzeige, das Herunterladen oder die Verwendung der auf der Website enthaltenen Elemente und Informationen, die durch Faktoren oder Umst\u00e4nde, die au\u00dferhalb ihrer Kontrolle liegen, verhindert, erschwert oder unterbrochen werden k\u00f6nnen, werden nicht garantiert. Sie ist nicht verantwortlich f\u00fcr Entscheidungen, die aufgrund des Zugriffs auf die angebotenen Inhalte oder Informationen getroffen werden.<br \/>\nDer Dienst kann unterbrochen oder die Beziehung mit dem Benutzer sofort beendet werden, wenn festgestellt wird, dass die Nutzung des Webspace oder eines der darin angebotenen Dienste gegen diese Allgemeinen Nutzungsbedingungen verst\u00f6\u00dft. Nein, wir haften daf\u00fcr Sch\u00e4den, Verluste, Anspr\u00fcche oder Ausgaben, die sich aus der Nutzung des Webspace ergeben.<\/p>\n<p>Sie sind lediglich daf\u00fcr verantwortlich, Inhalte, die einen solchen Schaden verursachen k\u00f6nnten, so schnell wie m\u00f6glich zu entfernen, sofern Sie dies mitteilen. Insbesondere haften wir nicht f\u00fcr Sch\u00e4den, die unter anderem entstehen aus:<\/p>\n<ul>\n<li>St\u00f6rungen, Unterbrechungen, Ausf\u00e4lle, Auslassungen, Telefonausf\u00e4lle, Verz\u00f6gerungen, Blockaden oder Unterbrechungen im Betrieb des elektronischen Systems, die durch M\u00e4ngel, \u00dcberlastungen und Fehler in Telekommunikationsleitungen und -netzen oder durch andere Ursachen verursacht werden, die au\u00dferhalb der Kontrolle des Unternehmens liegen.<\/li>\n<li>Illegale Eingriffe durch den Einsatz von Schadprogrammen jeglicher Art und \u00fcber Kommunikationsmittel wie Computerviren oder andere.<\/li>\n<li>Unsachgem\u00e4\u00dfer oder unangemessener Missbrauch des Webspace.<\/li>\n<li>Sicherheits- oder Navigationsfehler, die durch eine Fehlfunktion des Browsers oder durch die Verwendung nicht aktualisierter Versionen davon verursacht werden. Der Administrator des Webspace beh\u00e4lt sich das Recht vor, alle im Webspace vorhandenen Inhalte oder Informationen ganz oder teilweise zu entfernen.<\/li>\n<\/ul>\n<p>Das Unternehmen schlie\u00dft jegliche Haftung f\u00fcr Sch\u00e4den jeglicher Art aus, die auf den Missbrauch der von Webspace-Nutzern frei verf\u00fcgbaren und genutzten Dienste zur\u00fcckzuf\u00fchren sind. Ebenso sind Sie von jeglicher Verantwortung f\u00fcr den Inhalt und die Informationen befreit, die Sie aufgrund der Datenerfassungsformulare erhalten, die ausschlie\u00dflich der Erbringung von Beratungs- und Zweifelsdiensten dienen. Im Falle eines Schadensersatzes aufgrund einer rechtswidrigen oder fehlerhaften Nutzung dieser Dienste kann der Nutzer hingegen den entstandenen Schaden oder Verlust fordern.<\/p>\n<p>Sie stellen das Unternehmen von allen Sch\u00e4den frei, die sich aus Anspr\u00fcchen, Klagen oder Forderungen Dritter aufgrund Ihres Zugriffs oder Ihrer Nutzung des Webspace ergeben. Ebenso erkl\u00e4ren Sie sich damit einverstanden, sich f\u00fcr alle Sch\u00e4den zu entsch\u00e4digen, die sich aus der Verwendung von \u201eRobots\u201c, \u201eSpidern\u201c, \u201eCrawlern\u201c oder \u00e4hnlichen Tools zum Zweck der Datenerfassung oder -extraktion oder aus anderen Handlungen Ihrerseits ergeben, die eine unzumutbare Belastung darstellen der Betrieb des Webspace.<\/p>\n<h4>7. Hyperlinks<\/h4>\n<p>Der Benutzer verpflichtet sich, den Webspace sowie seine Inhalte in keiner Weise zu reproduzieren, auch nicht \u00fcber einen Hyperlink oder Hyperlink, es sei denn, die f\u00fcr die Datei verantwortliche Person hat dies ausdr\u00fccklich schriftlich genehmigt.<\/p>\n<p>Der Webspace kann Links zu anderen Webspaces enthalten, die von Dritten verwaltet werden, um dem Benutzer den Zugriff auf Informationen von kooperierenden und\/oder sponsernden Unternehmen zu erleichtern.<\/p>\n<p>Dementsprechend ist das Unternehmen weder f\u00fcr den Inhalt dieser Webspaces verantwortlich, noch ist es ein Garant oder\/oder Anbieter der Dienste und\/oder Informationen, die Dritten \u00fcber Links Dritter angeboten werden k\u00f6nnen.<\/p>\n<p>Dem Nutzer wird ein beschr\u00e4nktes, widerrufliches und nicht ausschlie\u00dfliches Recht einger\u00e4umt, Links zur Hauptseite des Webspace ausschlie\u00dflich f\u00fcr den privaten und nicht kommerziellen Gebrauch zu erstellen. Die Webspaces, die einen Link zu unserem Webspace enthalten, d\u00fcrfen (i) ihre Beziehung nicht verf\u00e4lschen oder behaupten, dass ein solcher Link genehmigt wurde, und auch keine Marken, Namen, Handelsnamen, Logos oder andere Unterscheidungszeichen unseres Unternehmens enthalten; (ii) d\u00fcrfen keine Inhalte enthalten, die als geschmacklos, obsz\u00f6n, beleidigend, kontrovers, zu Gewalt oder Diskriminierung aufgrund von Geschlecht, Rasse oder Religion aufstachelnd, gegen die \u00f6ffentliche Ordnung versto\u00dfend oder illegal angesehen werden k\u00f6nnten; (iii) sie d\u00fcrfen nicht auf eine andere Seite des Webspace als die Hauptseite verlinken; (iv) muss auf die Adresse des Webspace selbst verlinken, ohne dass der Webspace, der den Link herstellt, den Webspace als Teil seiner Website oder in einem seiner \u201eFrames\u201c reproduzieren oder einen \u201eBrowser\u201c auf einer davon erstellen darf die Seiten des Webspace. Das Unternehmen kann Sie jederzeit auffordern, einen Link zum Webspace zu entfernen, und muss anschlie\u00dfend unverz\u00fcglich mit der Entfernung beginnen.<\/p>\n<p>Das Unternehmen hat keinen Einfluss auf die Informationen, Inhalte, Produkte oder Dienstleistungen, die von anderen Webspaces bereitgestellt werden, die Links zum Webspace eingerichtet haben.<\/p>\n<h4>8. Datenschutz<\/h4>\n<p>Um einige der Dienste nutzen zu k\u00f6nnen, muss der Nutzer zuvor bestimmte personenbezogene Daten angeben. Das Unternehmen verarbeitet diese Daten automatisch und wendet die entsprechenden Sicherheitsma\u00dfnahmen an, alles in \u00dcbereinstimmung mit RGPD, LOPDGDD und LSSI. Der Benutzer kann unter den in der Datenschutzrichtlinie festgelegten Bedingungen auf die bei der Verarbeitung personenbezogener Daten befolgten Richtlinien sowie auf die Festlegung der zuvor festgelegten Zwecke zugreifen.<\/p>\n<h4>9. Kekse<\/h4>\n<p>Das Unternehmen beh\u00e4lt sich das Recht vor, im Webspace die \u201eCookie\u201c-Technologie zu verwenden, um Sie als h\u00e4ufigen Benutzer zu erkennen und Ihre Nutzung des Webspace durch die Vorauswahl Ihrer Sprache oder gew\u00fcnschterer oder spezifischerer Inhalte zu personalisieren.<\/p>\n<p>Die Cookies erfassen die IP -Adresse des Nutzers und Google ist f\u00fcr die Verarbeitung dieser Informationen verantwortlich.<\/p>\n<p>Cookies sind Dateien, die \u00fcber einen Webserver an einen Browser gesendet werden, um die Navigation des Benutzers im Webspace aufzuzeichnen, wenn der Benutzer deren Empfang zul\u00e4sst. Wenn Sie m\u00f6chten, k\u00f6nnen Sie Ihren Browser so konfigurieren, dass er Sie auf dem Bildschirm \u00fcber den Empfang von Cookies informiert und die Installation von Cookies auf Ihrer Festplatte verhindert. Weitere Informationen finden Sie in den Anweisungen und Handb\u00fcchern Ihres Browsers.<\/p>\n<p>Dank Cookies ist es m\u00f6glich, den Browser des vom Benutzer verwendeten Computers zu erkennen, um Inhalte bereitzustellen und die Browsing- oder Werbepr\u00e4ferenzen des Benutzers anzubieten, die demografischen Profile der Benutzer zu analysieren und Besuche und Verkehrsparameter zu messen. \u00dcberwachen Sie den Fortschritt und die Anzahl der Eintr\u00e4ge.<\/p>\n<h4>10. Zusicherungen und Gew\u00e4hrleistungen<\/h4>\n<p>Die im Webspace angebotenen Inhalte und Dienste haben grunds\u00e4tzlich rein informativen Charakter. Folglich wird durch deren Angebot keine Garantie oder Zusicherung in Bezug auf die im Webspace angebotenen Inhalte und Dienste gegeben , einschlie\u00dflich, aber nicht beschr\u00e4nkt auf Garantien der Rechtm\u00e4\u00dfigkeit, Zuverl\u00e4ssigkeit, N\u00fctzlichkeit, Wahrhaftigkeit, Genauigkeit oder Marktg\u00e4ngigkeit, au\u00dfer in der soweit solche Zusicherungen und Gew\u00e4hrleistungen gesetzlich nicht ausgeschlossen werden k\u00f6nnen.<\/p>\n<h4>11. H\u00f6here Gewalt<\/h4>\n<p>Das Unternehmen haftet in keinem Fall f\u00fcr die Unm\u00f6glichkeit der Leistungserbringung, wenn dies auf l\u00e4ngere Unterbrechungen der Stromversorgung, der Telekommunikationsleitungen, soziale Konflikte, Streiks, Aufst\u00e4nde, Explosionen, \u00dcberschwemmungen, Handlungen und Unterlassungen der Regierung zur\u00fcckzuf\u00fchren ist. und im Allgemeinen alle F\u00e4lle h\u00f6herer Gewalt oder zuf\u00e4lliger Ereignisse.<\/p>\n<h4>12. Streitbeilegung. Anwendbares Recht und Gerichtsstand<\/h4>\n<p>Diese Allgemeinen Nutzungsbedingungen sowie die Nutzung des Webspace unterliegen der spanischen Gesetzgebung. Zur Beilegung etwaiger Meinungsverschiedenheiten wenden sich die Parteien an die Gerichte am Sitz des Verantwortlichen f\u00fcr die Website.<\/p>\n<p>F\u00fcr den Fall, dass eine Bestimmung dieser Allgemeinen Nutzungsbedingungen nach geltendem Recht oder infolge einer gerichtlichen oder beh\u00f6rdlichen Entscheidung nicht durchsetzbar oder nichtig ist, f\u00fchrt diese Undurchsetzbarkeit oder Nichtigkeit nicht dazu, dass diese Allgemeinen Nutzungsbedingungen nicht durchsetzbar oder nichtig sind. null als a ganz. In solchen F\u00e4llen wird das Unternehmen die besagte Bestimmung \u00e4ndern oder durch eine andere ersetzen, die g\u00fcltig und durchsetzbar ist und die im Rahmen des M\u00f6glichen das in der urspr\u00fcnglichen Bestimmung zum Ausdruck gebrachte Ziel und die Absicht erreicht.<\/p>\n<p>&nbsp;<\/p>\n","protected":false},"excerpt":{"rendered":"<p>Rechtliche Hinweis Dieser rechtliche Hinweis regelt die Nutzung und Nutzung der Website www.ipfpericiales.com, Eigentum von IPF Asesoramiento y Consultor\u00eda, SL [&hellip;]<\/p>\n","protected":false},"author":1,"featured_media":0,"parent":0,"menu_order":0,"comment_status":"closed","ping_status":"closed","template":"","meta":{"footnotes":""},"_links":{"self":[{"href":"https:\/\/ipfpericiales.com\/de\/wp-json\/wp\/v2\/pages\/3183"}],"collection":[{"href":"https:\/\/ipfpericiales.com\/de\/wp-json\/wp\/v2\/pages"}],"about":[{"href":"https:\/\/ipfpericiales.com\/de\/wp-json\/wp\/v2\/types\/page"}],"author":[{"embeddable":true,"href":"https:\/\/ipfpericiales.com\/de\/wp-json\/wp\/v2\/users\/1"}],"replies":[{"embeddable":true,"href":"https:\/\/ipfpericiales.com\/de\/wp-json\/wp\/v2\/comments?post=3183"}],"version-history":[{"count":3,"href":"https:\/\/ipfpericiales.com\/de\/wp-json\/wp\/v2\/pages\/3183\/revisions"}],"predecessor-version":[{"id":3277,"href":"https:\/\/ipfpericiales.com\/de\/wp-json\/wp\/v2\/pages\/3183\/revisions\/3277"}],"wp:attachment":[{"href":"https:\/\/ipfpericiales.com\/de\/wp-json\/wp\/v2\/media?parent=3183"}],"curies":[{"name":"wp","href":"https:\/\/api.w.org\/{rel}","templated":true}]}}