{"id":2886,"date":"2017-11-17T10:27:23","date_gmt":"2017-11-17T10:27:23","guid":{"rendered":"http:\/\/ipfpericiales.com\/de\/?page_id=2886"},"modified":"2017-11-17T10:36:27","modified_gmt":"2017-11-17T10:36:27","slug":"compliance","status":"publish","type":"page","link":"https:\/\/ipfpericiales.com\/de\/unsere-erfahrungen\/compliance\/","title":{"rendered":"Compliance"},"content":{"rendered":"<div class=\"wpb-content-wrapper\"><p>[vc_row css=&#8220;.vc_custom_1490631024303{padding-top: 150px !important;padding-right: 50px !important;padding-bottom: 150px !important;padding-left: 50px !important;background-image: url(http:\/\/ipfpericiales.com\/wp-content\/uploads\/credenciales_compliance.jpg?id=2777) !important;background-position: center !important;background-repeat: no-repeat !important;background-size: cover !important;}&#8220;][vc_column css=&#8220;.vc_custom_1456481586721{padding-top: 0px !important;padding-bottom: 0px !important;}&#8220;][\/vc_column][\/vc_row][vc_row el_class=&#8220;tablas&#8220;][vc_column][vc_row_inner][vc_column_inner width=&#8220;1\/4&#8243;][vc_column_text]<\/p>\n<h3>Versicherungs-Branche<\/h3>\n<p>[\/vc_column_text][\/vc_column_inner][vc_column_inner width=&#8220;3\/4&#8243;][vc_column_text]<\/p>\n<ul>\n<li><strong><span style=\"color: #921f2c;\">Beschreibung:<\/span><\/strong> Diagnose, Gestaltung und Beratung bei der Einf\u00fchrung eines Modells zur Verh\u00fctung von Straftaten gem\u00e4\u00df Organgesetz 1\/2015 vom 30. M\u00e4rz in einem nationalen Versicherungsunternehmen.<\/li>\n<li><strong><span style=\"color: #921f2c;\">Arbeit:<\/span><\/strong> Diese Arbeit umfasste die Bewertung der Risiken zur Begehung m\u00f6glicher Straftaten, denen sich das Unternehmen stellen w\u00fcrde, eine Definition eines Modells zur Verh\u00fctung und Entdeckung von Straftaten, um die Begehung von Straftaten im Namen des Unternehmens m\u00f6glichst zu vermeiden und zu entdecken, und die Beratung bei der Einf\u00fchrung dieses Modells, damit es ggf. als Nachweis f\u00fcr die ordnungsgem\u00e4\u00dfe Kontrolle dienen kann und die Erkl\u00e4rung der strafrechtlichen Haftung der juristischen Person und der daraus resultierenden Strafen vermieden und\/oder gemildert werden k\u00f6nnen.<\/li>\n<li><strong><span style=\"color: #921f2c;\">Ergebnis:<\/span><\/strong> Einsatz eines Modells zur Verh\u00fctung und Entdeckung von Straftaten gem\u00e4\u00df Organgesetz 1\/2015 vom 30. M\u00e4rz bei unserem Kunden.<\/li>\n<\/ul>\n<p>[\/vc_column_text][\/vc_column_inner][\/vc_row_inner][vc_separator][vc_row_inner][vc_column_inner width=&#8220;1\/4&#8243;][vc_column_text]<\/p>\n<h3>Einzelhandelsbranche<\/h3>\n<p>[\/vc_column_text][\/vc_column_inner][vc_column_inner width=&#8220;3\/4&#8243;][vc_column_text]<\/p>\n<ul>\n<li><strong><span style=\"color: #921f2c;\">Beschreibung:<\/span><\/strong> Ein Einzelhandelsunternehmen stellte uns an, um sein Kriminalit\u00e4tsrisiko neu zu bewerten und sein Modell zur Verh\u00fctung und Entdeckung von Straftaten gem\u00e4\u00df den neuen Erfordernissen des spanischen Strafgesetzbuchs zu beurteilen.<\/li>\n<li><strong><span style=\"color: #921f2c;\">Arbeit:<\/span><\/strong> Mit unserer Analyse wurden neue anwendbare Risiken und die mangelhafte Erf\u00fcllung der neuen Erfordernisse des neu gefassten spanischen Strafgesetzbuchs nachgewiesen wie z. B. fehlender Anzeigekanal, Bestellung eines selbstst\u00e4ndigen und unabh\u00e4ngigen Erf\u00fcllungsorgans.<\/li>\n<li><strong><span style=\"color: #921f2c;\">Ergebnis:<\/span><\/strong> Anpassung des Modells des Unternehmens zur Verh\u00fctung und Entdeckung von Straftaten an die neuen Erfordernisse des spanischen Strafgesetzbuchs.<\/li>\n<\/ul>\n<p>[\/vc_column_text][\/vc_column_inner][\/vc_row_inner][vc_separator][vc_row_inner][vc_column_inner width=&#8220;1\/4&#8243;][vc_column_text]<\/p>\n<h3>Medien-Branche<\/h3>\n<p>[\/vc_column_text][\/vc_column_inner][vc_column_inner width=&#8220;3\/4&#8243;][vc_column_text]<\/p>\n<ul>\n<li><strong><span style=\"color: #921f2c;\">Beschreibung:<\/span><\/strong> Diagnose und Gestaltung eines Modells zur Verh\u00fctung von Straftaten gem\u00e4\u00df Organgesetz 1\/2015 vom 30. M\u00e4rz in einem nationalen Unternehmen der Medienbranche.<\/li>\n<li><strong><span style=\"color: #921f2c;\">Arbeit:<\/span><\/strong> Diese Arbeit umfasste die Bewertung der Risiken zur Begehung m\u00f6glicher Straftaten, denen sich das Unternehmen stellen muss, eine Definition eines Modells zur Verh\u00fctung und Entdeckung von Straftaten, um die Begehung von Straftaten im Namen des Unternehmens m\u00f6glichst zu vermeiden und zu entdecken, damit es ggf. als Nachweis f\u00fcr die ordnungsgem\u00e4\u00dfe Kontrolle dienen kann und die Erkl\u00e4rung der strafrechtlichen Haftung der juristischen Person und der daraus resultierenden Strafen vermieden und\/oder gemildert werden k\u00f6nnen.<\/li>\n<li><strong><span style=\"color: #921f2c;\">Ergebnis:<\/span><\/strong> Gestaltung des Modells zur Verh\u00fctung und Entdeckung von Straftaten in Erf\u00fcllung des Organgesetzes 1\/2015 vom 30. M\u00e4rz.<\/li>\n<\/ul>\n<p>[\/vc_column_text][\/vc_column_inner][\/vc_row_inner][vc_separator][\/vc_column][\/vc_row]<\/p>\n<\/div>","protected":false},"excerpt":{"rendered":"<p>[vc_row css=&#8220;.vc_custom_1490631024303{padding-top: 150px !important;padding-right: 50px !important;padding-bottom: 150px !important;padding-left: 50px !important;background-image: url(http:\/\/ipfpericiales.com\/wp-content\/uploads\/credenciales_compliance.jpg?id=2777) !important;background-position: center !important;background-repeat: no-repeat !important;background-size: cover !important;}&#8220;][vc_column css=&#8220;.vc_custom_1456481586721{padding-top: 0px [&hellip;]<\/p>\n","protected":false},"author":1,"featured_media":0,"parent":2851,"menu_order":0,"comment_status":"closed","ping_status":"closed","template":"","meta":{"footnotes":""},"_links":{"self":[{"href":"https:\/\/ipfpericiales.com\/de\/wp-json\/wp\/v2\/pages\/2886"}],"collection":[{"href":"https:\/\/ipfpericiales.com\/de\/wp-json\/wp\/v2\/pages"}],"about":[{"href":"https:\/\/ipfpericiales.com\/de\/wp-json\/wp\/v2\/types\/page"}],"author":[{"embeddable":true,"href":"https:\/\/ipfpericiales.com\/de\/wp-json\/wp\/v2\/users\/1"}],"replies":[{"embeddable":true,"href":"https:\/\/ipfpericiales.com\/de\/wp-json\/wp\/v2\/comments?post=2886"}],"version-history":[{"count":1,"href":"https:\/\/ipfpericiales.com\/de\/wp-json\/wp\/v2\/pages\/2886\/revisions"}],"predecessor-version":[{"id":2887,"href":"https:\/\/ipfpericiales.com\/de\/wp-json\/wp\/v2\/pages\/2886\/revisions\/2887"}],"up":[{"embeddable":true,"href":"https:\/\/ipfpericiales.com\/de\/wp-json\/wp\/v2\/pages\/2851"}],"wp:attachment":[{"href":"https:\/\/ipfpericiales.com\/de\/wp-json\/wp\/v2\/media?parent=2886"}],"curies":[{"name":"wp","href":"https:\/\/api.w.org\/{rel}","templated":true}]}}