{"id":2881,"date":"2017-11-17T10:17:54","date_gmt":"2017-11-17T10:17:54","guid":{"rendered":"http:\/\/ipfpericiales.com\/de\/?page_id=2881"},"modified":"2025-03-18T17:31:19","modified_gmt":"2025-03-18T17:31:19","slug":"fachgutachten-als-beweis","status":"publish","type":"page","link":"https:\/\/ipfpericiales.com\/de\/unsere-erfahrungen\/fachgutachten-als-beweis\/","title":{"rendered":"Fachgutachten als Beweis"},"content":{"rendered":"<div class=\"wpb-content-wrapper\"><p>[vc_row css=&#8220;.vc_custom_1488969414891{padding-top: 150px !important;padding-right: 50px !important;padding-bottom: 150px !important;padding-left: 50px !important;background-image: url(http:\/\/ipfpericiales.com\/wp-content\/uploads\/2017\/01\/informes_tecnicos.jpg?id=2563) !important;background-position: center !important;background-repeat: no-repeat !important;background-size: cover !important;}&#8220;][vc_column css=&#8220;.vc_custom_1456481586721{padding-top: 0px !important;padding-bottom: 0px !important;}&#8220;][\/vc_column][\/vc_row][vc_row el_class=&#8220;tablas&#8220;][vc_column][vc_row_inner][vc_column_inner width=&#8220;1\/4&#8243;][vc_column_text]<\/p>\n<h3>Wissenschaftlich-technologischer Forschungssektor<\/h3>\n<p>[\/vc_column_text][\/vc_column_inner][vc_column_inner width=&#8220;3\/4&#8243;][vc_column_text]<\/p>\n<ul>\n<li><strong><span style=\"color: #921f2c;\">Beschreibung:<\/span><\/strong> Technischer Bericht, der an einen multinationalen biotechnologiekonzern gerichtet ist, um das Vorliegen eines wirtschaftlichen Grundes zu \u00fcberpr\u00fcfen, der die Durchf\u00fchrung einer ERE rechtfertigt.<\/li>\n<li><strong><span style=\"color: #921f2c;\">Arbeit:<\/span><\/strong> Die wirtschaftliche Ursache wurde nachgewiesen, basierend auf <strong>i) <\/strong>dem Vorhandensein aktueller Verluste, <strong>ii <\/strong>) dem anhaltenden R\u00fcckgang des Niveaus des ordentlichen Einkommens und <strong>iii)<\/strong> die Spannungen im Finanzbereich, denen das Unternehmen ausgesetzt ist.<\/li>\n<li><strong><span style=\"color: #921f2c;\">Ergebnis:<\/span><\/strong> Dem Verfahren wurde ein Technischer Bericht vorgelegt, der die wirtschaftliche Sache angemessen unterst\u00fctzt hat.<\/li>\n<\/ul>\n<p>[\/vc_column_text][\/vc_column_inner][\/vc_row_inner][vc_separator][vc_row_inner][vc_column_inner width=&#8220;1\/4&#8243;][vc_column_text]<\/p>\n<h3>Bereich Arbeitssicherheit<\/h3>\n<p>[\/vc_column_text][\/vc_column_inner][vc_column_inner width=&#8220;3\/4&#8243;][vc_column_text]<\/p>\n<ul>\n<li><strong><span style=\"color: #921f2c;\">Beschreibung:<\/span><\/strong> Begr\u00fcndender Technischer Bericht, der an ein Unternehmen im Zusammenhang mit der Arbeitssicherheit im Automobilsektor erstellt wurde, mit dem Ziel, die wirtschaftlichen, produktiven und organisatorischen Gr\u00fcnde zu ermitteln, die die Durchf\u00fchrung einer Massenentlassung rechtfertigen und aufgrund derer das Unternehmen verklagt wurde.<\/li>\n<li><strong><span style=\"color: #921f2c;\">Arbeit:<\/span><\/strong> Nach der Analyse eines der von einer Liberalisierung des Sektors betroffenen Gesch\u00e4ftsbereiche wurde dessen Nichtrentabilit\u00e4t sowie das Vorliegen wirtschaftlicher, produktiver und organisatorischer Ursachen nachgewiesen und zu dem Schluss gef\u00fchrt, dass das Unternehmen \u00fcber die erforderliche Produktionskapazit\u00e4t verf\u00fcgt zur Deckung des Bedarfs nach der Massenentlassung.<\/li>\n<li><strong><span style=\"color: #921f2c;\">Ergebnis:<\/span><\/strong> Entscheidung zugunsten unseres Mandanten.<\/li>\n<\/ul>\n<p>[\/vc_column_text][\/vc_column_inner][\/vc_row_inner][vc_separator][vc_row_inner][vc_column_inner width=&#8220;1\/4&#8243;][vc_column_text]<\/p>\n<h3>Textilsektor<\/h3>\n<p>[\/vc_column_text][\/vc_column_inner][vc_column_inner width=&#8220;3\/4&#8243;][vc_column_text]<\/p>\n<ul>\n<li><strong><span style=\"color: #921f2c;\">Beschreibung:<\/span><\/strong> Begr\u00fcndender Technischer Bericht, erstellt f\u00fcr ein Unternehmen im Bekleidungs- und Textilsektor, das \u00fcber mehr als 70 Gesch\u00e4fte in ganz Spanien verf\u00fcgt, weil mehrere seiner Gesch\u00e4fte mit Verlusten und einem anhaltenden Nachfrager\u00fcckgang konfrontiert ist.<\/li>\n<li><strong><span style=\"color: #921f2c;\">Arbeit:<\/span><\/strong> Durch die Analyse vergangener und aktueller Verluste wurde die Existenz der wirtschaftlichen Ursache best\u00e4tigt. Ebenso wurde durch die \u00dcberpr\u00fcfung des anhaltenden Nachfrager\u00fcckgangs, der sich direkt auf die Ergebnisse der Gesellschaft (Einkommen) auswirkt, die produktive Ursache nachgewiesen. Diese produktive Ursache f\u00fchrt zu einer organisatorischen Ursache, die als Folge des Nachfrager\u00fcckgangs die Art und Weise, wie die Gesellschaft die Produktion organisiert, neu strukturiert.<\/li>\n<li><strong><span style=\"color: #921f2c;\">Ergebnis:<\/span><\/strong> Bereitstellung eines Technischen Berichts f\u00fcr die verschiedenen Verfahren und Erhaltung von verschiedener Entscheidungen zugunsten unseres Mandanten.<\/li>\n<\/ul>\n<p>[\/vc_column_text][\/vc_column_inner][\/vc_row_inner][vc_separator][\/vc_column][\/vc_row]<\/p>\n<\/div>","protected":false},"excerpt":{"rendered":"<p>[vc_row css=&#8220;.vc_custom_1488969414891{padding-top: 150px !important;padding-right: 50px !important;padding-bottom: 150px !important;padding-left: 50px !important;background-image: url(http:\/\/ipfpericiales.com\/wp-content\/uploads\/2017\/01\/informes_tecnicos.jpg?id=2563) !important;background-position: center !important;background-repeat: no-repeat !important;background-size: cover !important;}&#8220;][vc_column css=&#8220;.vc_custom_1456481586721{padding-top: 0px [&hellip;]<\/p>\n","protected":false},"author":1,"featured_media":0,"parent":2851,"menu_order":0,"comment_status":"closed","ping_status":"closed","template":"","meta":{"footnotes":""},"_links":{"self":[{"href":"https:\/\/ipfpericiales.com\/de\/wp-json\/wp\/v2\/pages\/2881"}],"collection":[{"href":"https:\/\/ipfpericiales.com\/de\/wp-json\/wp\/v2\/pages"}],"about":[{"href":"https:\/\/ipfpericiales.com\/de\/wp-json\/wp\/v2\/types\/page"}],"author":[{"embeddable":true,"href":"https:\/\/ipfpericiales.com\/de\/wp-json\/wp\/v2\/users\/1"}],"replies":[{"embeddable":true,"href":"https:\/\/ipfpericiales.com\/de\/wp-json\/wp\/v2\/comments?post=2881"}],"version-history":[{"count":6,"href":"https:\/\/ipfpericiales.com\/de\/wp-json\/wp\/v2\/pages\/2881\/revisions"}],"predecessor-version":[{"id":3235,"href":"https:\/\/ipfpericiales.com\/de\/wp-json\/wp\/v2\/pages\/2881\/revisions\/3235"}],"up":[{"embeddable":true,"href":"https:\/\/ipfpericiales.com\/de\/wp-json\/wp\/v2\/pages\/2851"}],"wp:attachment":[{"href":"https:\/\/ipfpericiales.com\/de\/wp-json\/wp\/v2\/media?parent=2881"}],"curies":[{"name":"wp","href":"https:\/\/api.w.org\/{rel}","templated":true}]}}