{"id":2875,"date":"2017-11-17T10:05:06","date_gmt":"2017-11-17T10:05:06","guid":{"rendered":"http:\/\/ipfpericiales.com\/de\/?page_id=2875"},"modified":"2025-03-14T10:29:40","modified_gmt":"2025-03-14T10:29:40","slug":"schiedsverfahren","status":"publish","type":"page","link":"https:\/\/ipfpericiales.com\/de\/unsere-erfahrungen\/schiedsverfahren\/","title":{"rendered":"Schiedsverfahren"},"content":{"rendered":"<div class=\"wpb-content-wrapper\"><p>[vc_row css=&#8220;.vc_custom_1488964599279{padding-top: 150px !important;padding-right: 50px !important;padding-bottom: 150px !important;padding-left: 50px !important;background-image: url(http:\/\/ipfpericiales.com\/wp-content\/uploads\/2017\/01\/arbitrajes.jpg?id=2556) !important;background-position: center !important;background-repeat: no-repeat !important;background-size: cover !important;}&#8220;][vc_column css=&#8220;.vc_custom_1456481586721{padding-top: 0px !important;padding-bottom: 0px !important;}&#8220;][\/vc_column][\/vc_row][vc_row el_class=&#8220;tablas&#8220;][vc_column][vc_row_inner][vc_column_inner width=&#8220;1\/4&#8243;][vc_column_text]<\/p>\n<h3>Industriebereich<\/h3>\n<p>[\/vc_column_text][\/vc_column_inner][vc_column_inner width=&#8220;3\/4&#8243;][vc_column_text]<\/p>\n<ul>\n<li><strong><span style=\"color: #921f2c;\">Schiedsverfahren:<\/span><\/strong> Schiedsgericht Madrid<\/li>\n<li><strong><span style=\"color: #921f2c;\">Beschreibung:<\/span><\/strong> Technisches Gutachten f\u00fcr einen Investmentfonds, der nach der Unterzeichnung eines Vertrags \u00fcber den Verkauf von Anteilen eines Industrieunternehmens verklagt wurde, das sich der Herstellung wichtiger Maschinenteile f\u00fcr den Windsektor widmet. Der K\u00e4ufer gab an, dass das Unternehmen, das Gegenstand der Transaktion war, offensichtlich fehlerhafte Teile an wichtige Kunden in der Branche lieferte und nicht \u00fcber die technischen und technologischen Kapazit\u00e4ten verf\u00fcgte, um bestimmte Fertigungsanforderungen zu erf\u00fcllen, wobei die Beklagte diese Informationen verschwieg.<br \/>\nUnsere Zusammenarbeit wurde als unabh\u00e4ngiger Sachverst\u00e4ndiger und wurden f\u00fcr die Durchf\u00fchrung einer technischen Analyse beauftragt, die die technischen Bedingungen im Zusammenhang mit den Teilen untersucht, die das Unternehmen, das Gegenstand der Transaktion ist, an namhafte Kunden im Energiesektor liefert.<\/li>\n<li><strong><span style=\"color: #921f2c;\">Ergebnis:<\/span><\/strong> Die Auszeichnung wurde durch unseren Bericht gest\u00fctzt, was uns in allen relevanten Punkten Recht gegeben hat.<\/li>\n<\/ul>\n<p>[\/vc_column_text][\/vc_column_inner][\/vc_row_inner][vc_separator][vc_row_inner][vc_column_inner width=&#8220;1\/4&#8243;][vc_column_text]<\/p>\n<h3>Finanzbranche<\/h3>\n<p>[\/vc_column_text][\/vc_column_inner][vc_column_inner width=&#8220;3\/4&#8243;][vc_column_text]<\/p>\n<ul>\n<li><strong><span style=\"color: #921f2c;\">Schiedsverfahren:<\/span><\/strong> Zivil- und handelsrechtlicher Schiedsgerichtshof Madrid (CIMA)<\/li>\n<li><strong><span style=\"color: #921f2c;\">Beschreibung:<\/span><\/strong> Schiedsgerichtliche Klage wegen vermutlicher Verletzung mehrerer Kaufvertragsklauseln (SPA), mit der ein Millionenbetrag eingefordert wurde.<br \/>\nIn diesem Rahmen ersuchte uns der Verk\u00e4ufer um Mitwirkung als unabh\u00e4ngiger Experte, um die Kriterien und Berechnungen des von einem anderen Dienstleistungsunternehmen ausgestellten Gutachtens zu analysieren.<\/li>\n<li><strong><span style=\"color: #921f2c;\">Ergebnis<\/span>:<\/strong> Schiedsspruch zugunsten unseres Kunden.<\/li>\n<\/ul>\n<p>[\/vc_column_text][\/vc_column_inner][\/vc_row_inner][vc_separator][vc_row_inner][vc_column_inner width=&#8220;1\/4&#8243;][vc_column_text]<\/p>\n<h3>Vertriebsbranche<\/h3>\n<p>[\/vc_column_text][\/vc_column_inner][vc_column_inner width=&#8220;3\/4&#8243;][vc_column_text]<\/p>\n<ul>\n<li><strong><span style=\"color: #921f2c;\">Schiedsverfahren:<\/span><\/strong> Internationaler Schiedsgerichtshof der Internationalen Handelskammer (ICC) &#8211; Madrid<\/li>\n<li><strong><span style=\"color: #921f2c;\">Beschreibung:<\/span><\/strong> Schiedsgerichtliche Klage wegen Nichterf\u00fcllung der vertraglichen Verpflichtungen bzgl. Erwerb des mehrheitlichen Gesch\u00e4ftsanteils einer Gesellschaft, die Eigent\u00fcmerin einer Prime-Tabakmarke ist und in der Erstellung, Vermarktung und dem Vertrieb ihres Produkts t\u00e4tig ist. In diesem Rahmen ersuchte die Kl\u00e4gerin uns um Mitwirkung als unabh\u00e4ngiger Experte, um den entgangenen Gewinn zu quantifizieren, der durch das Unverm\u00f6gen, das Produkt zu vermarkten und zu vertreiben, verursacht wurde.<\/li>\n<li><strong><span style=\"color: #921f2c;\">Ergebnis:<\/span><\/strong> Vorherige Einigung.<\/li>\n<\/ul>\n<p>[\/vc_column_text][\/vc_column_inner][\/vc_row_inner][vc_separator][\/vc_column][\/vc_row]<\/p>\n<\/div>","protected":false},"excerpt":{"rendered":"<p>[vc_row css=&#8220;.vc_custom_1488964599279{padding-top: 150px !important;padding-right: 50px !important;padding-bottom: 150px !important;padding-left: 50px !important;background-image: url(http:\/\/ipfpericiales.com\/wp-content\/uploads\/2017\/01\/arbitrajes.jpg?id=2556) !important;background-position: center !important;background-repeat: no-repeat !important;background-size: cover !important;}&#8220;][vc_column css=&#8220;.vc_custom_1456481586721{padding-top: 0px [&hellip;]<\/p>\n","protected":false},"author":1,"featured_media":0,"parent":2851,"menu_order":0,"comment_status":"closed","ping_status":"closed","template":"","meta":{"footnotes":""},"_links":{"self":[{"href":"https:\/\/ipfpericiales.com\/de\/wp-json\/wp\/v2\/pages\/2875"}],"collection":[{"href":"https:\/\/ipfpericiales.com\/de\/wp-json\/wp\/v2\/pages"}],"about":[{"href":"https:\/\/ipfpericiales.com\/de\/wp-json\/wp\/v2\/types\/page"}],"author":[{"embeddable":true,"href":"https:\/\/ipfpericiales.com\/de\/wp-json\/wp\/v2\/users\/1"}],"replies":[{"embeddable":true,"href":"https:\/\/ipfpericiales.com\/de\/wp-json\/wp\/v2\/comments?post=2875"}],"version-history":[{"count":3,"href":"https:\/\/ipfpericiales.com\/de\/wp-json\/wp\/v2\/pages\/2875\/revisions"}],"predecessor-version":[{"id":3216,"href":"https:\/\/ipfpericiales.com\/de\/wp-json\/wp\/v2\/pages\/2875\/revisions\/3216"}],"up":[{"embeddable":true,"href":"https:\/\/ipfpericiales.com\/de\/wp-json\/wp\/v2\/pages\/2851"}],"wp:attachment":[{"href":"https:\/\/ipfpericiales.com\/de\/wp-json\/wp\/v2\/media?parent=2875"}],"curies":[{"name":"wp","href":"https:\/\/api.w.org\/{rel}","templated":true}]}}