{"id":2841,"date":"2017-11-03T13:11:29","date_gmt":"2017-11-03T13:11:29","guid":{"rendered":"http:\/\/ipfpericiales.com\/de\/?page_id=2841"},"modified":"2017-11-03T13:11:29","modified_gmt":"2017-11-03T13:11:29","slug":"compliance-corporate-defense","status":"publish","type":"page","link":"https:\/\/ipfpericiales.com\/de\/dienstleistungen\/compliance-corporate-defense\/","title":{"rendered":"Compliance > Corporate Defense"},"content":{"rendered":"<div class=\"wpb-content-wrapper\"><p>[vc_row css=&#8220;.vc_custom_1488964573760{padding-top: 150px !important;padding-right: 50px !important;padding-bottom: 150px !important;padding-left: 50px !important;background-image: url(http:\/\/ipfpericiales.com\/wp-content\/uploads\/2017\/01\/compliance.jpg?id=2565) !important;background-position: center !important;background-repeat: no-repeat !important;background-size: cover !important;}&#8220;][vc_column css=&#8220;.vc_custom_1456481586721{padding-top: 0px !important;padding-bottom: 0px !important;}&#8220;][\/vc_column][\/vc_row][vc_row][vc_column width=&#8220;1\/6&#8243;][\/vc_column][vc_column width=&#8220;2\/3&#8243;][vc_column_text]<\/p>\n<h4 style=\"text-align: center;\">Einf\u00fchrung oder Revision eines wirksamen Modells zur Verh\u00fctung und Entdeckung von Straftaten, angepasst an das geltende Recht nach Inkrafttreten des Organgesetzes 1\/2015 vom 30. M\u00e4rz, mit dem das spanische Strafgesetzbuch modifiziert wird<\/h4>\n<p>[\/vc_column_text][\/vc_column][vc_column width=&#8220;1\/6&#8243;][\/vc_column][\/vc_row][vc_row][vc_column][vc_separator][\/vc_column][\/vc_row][vc_row][vc_column][vc_column_text]<strong>Wir wollen daf\u00fcr sorgen, dass Ihr Unternehmen alle Erfordernisse f\u00fcr die Haftungsbefreiung erf\u00fcllt:<\/strong> Wie das geltende Recht anzeigt, kann die juristische Person von der strafrechtlichen Haftung freigestellt werden, wenn sie vor Gericht nachweist:<\/p>\n<ul>\n<li>dass sie \u00fcber ein Organisations- und Managementmodell verf\u00fcgt, das die Kontrollma\u00dfnahmen zur wirksamen Verh\u00fctung der Straftat enth\u00e4lt;<\/li>\n<li>dass sie \u00fcber ein unabh\u00e4ngiges Organ mit selbstst\u00e4ndiger Initiativ- und Kontrollmacht verf\u00fcgt;<\/li>\n<li>dass es seine Aufgaben angemessen aus\u00fcbt;<\/li>\n<li>dass die Straftat begangen werden konnte, weil der T\u00e4ter die Organisations- und Verh\u00fctungsmodelle betr\u00fcgerisch umging.<\/li>\n<\/ul>\n<p>[\/vc_column_text][\/vc_column][\/vc_row][vc_row][vc_column][vc_separator][\/vc_column][\/vc_row][vc_row][vc_column][vc_column_text]Wir k\u00f6nnen helfen bei:[\/vc_column_text][vc_tta_accordion active_section=&#8220;&#8220; collapsible_all=&#8220;true&#8220;][vc_tta_section title=&#8220;Bewertung der Risiken, dass Straftaten begangen werden, f\u00fcr die sich Ihr Unternehmen verantworten muss&#8220; tab_id=&#8220;1488748954884-79dc5020-0887&#8243;][vc_column_text]<\/p>\n<h4>Welche Handlungen f\u00fchren wir durch:<\/h4>\n<ul>\n<li>Bewertung, wie das Unternehmen dem <strong>Risiko,<\/strong> Straftaten in seinem Namen zu begehen, wegen fehlender ordnungsgem\u00e4\u00dfer Kontrolle f\u00fcr haftbar erkl\u00e4rt werden kann.<\/li>\n<li>Verst\u00e4ndnis und Analyse der g<strong>egenw\u00e4rtigen Struktur<\/strong> der Kontrollen und Verfahren des Unternehmens und seines Anwendungsgrades zur Minderung der M\u00f6glichkeit, f\u00fcr strafrechtlich haftbar erkl\u00e4rt zu werden.<\/li>\n<li>Definition einer <strong>Karte der strafrechtlichen Risiken,<\/strong> von Kontrollen und einem Aktionsplan, mit dem die identifizierten L\u00fccken zur Verbesserung der gegenw\u00e4rtigen Struktur der Kontrollen und Verfahren des Unternehmens gef\u00fcllt werden k\u00f6nnen.<\/li>\n<\/ul>\n<p>[\/vc_column_text][\/vc_tta_section][vc_tta_section title=&#8220;Definition eines Modells zur Verh\u00fctung und Entdeckung von Straftaten, das dazu dient, dass die Begehung von Straftaten im Namen Ihres Unternehmens vermieden und entdeckt wird&#8220; tab_id=&#8220;1488748955046-ef7d7aaf-4321&#8243;][vc_column_text]<\/p>\n<h4>Welche Handlungen f\u00fchren wir durch:<\/h4>\n<ul>\n<li>Entwurf eines geeigneten <strong>Modells zur Verh\u00fctung und Entdeckung von Straftaten.<\/strong> Nach Festsetzung der zu ergreifenden Ma\u00dfnahmen liefern wir Anleitungen und die wichtigsten Merkmale dieser Ma\u00dfnahmen, damit das Unternehmen sie einsetzen kann.<\/li>\n<\/ul>\n<p>[\/vc_column_text][vc_column_text css=&#8220;.vc_custom_1488755610962{margin-bottom: 5px !important;}&#8220;]<\/p>\n<h4>Elemente, die ein Verh\u00fctungsmodell enthalten muss:<\/h4>\n<ol>\n<li>Eine Karte \u00fcber die strafrechtlichen Risiken (\u201eidentifiziert die T\u00e4tigkeit, in deren Umfang die zu verh\u00fctenden Straftaten begangen werden k\u00f6nnen\u201c);<\/li>\n<li>Pr\u00e4ventive und reaktive Handlungsprotokolle bei der Begehung von Straftaten;<\/li>\n<li>F\u00fcr diesen Zweck zugewiesene Finanzmittel;<\/li>\n<li>Verhaltenskodex und Anzeigekanal, \u00fcber dessen Ergebnis dem Verwaltungsorgan Bericht erstattet wird;<\/li>\n<li>Disziplinarverfahren, \u201edas den Versto\u00df gegen die im Modell festgesetzten Ma\u00dfnahmen angemessen bestraft\u201c.<\/li>\n<li>Revisionssystem, mit dem das Modell und seine eventuellen Ab\u00e4nderungen regelm\u00e4\u00dfig \u00fcberpr\u00fcft werden k\u00f6nnen.<\/li>\n<\/ol>\n<p>[\/vc_column_text][\/vc_tta_section][vc_tta_section title=&#8220;Entwicklung des Protokolls zur Verh\u00fctung und Entdeckung von Straftaten&#8220; tab_id=&#8220;1488749006404-97257435-8d80&#8243;][vc_column_text]<\/p>\n<h4>Welche Handlungen f\u00fchren wir durch:<\/h4>\n<ul>\n<li>Entwicklung des <strong>Protokolls zur Verh\u00fctung und Entdeckung von Straftaten.<\/strong> Dieses Protokoll dient zur Verh\u00fctung und Entdeckung m\u00f6glicher, im Namen des Unternehmens begangener Straftaten. Ggf. kann sich auf das Protokoll in einem (strafrechtlichen) Gerichtsverfahren berufen werden, um nachzuweisen, dass die Kontrollsysteme in den jeweiligen Organisationen angemessen festgesetzt wurden. Auf diese Art vermeiden wir weitm\u00f6glichst einen strafrechtlichen Haftungsbescheid f\u00fcr die juristische Person und ihre daraus sich ergebenden Strafen.<\/li>\n<\/ul>\n<p>[\/vc_column_text][\/vc_tta_section][\/vc_tta_accordion][\/vc_column][\/vc_row]<\/p>\n<\/div>","protected":false},"excerpt":{"rendered":"<p>[vc_row css=&#8220;.vc_custom_1488964573760{padding-top: 150px !important;padding-right: 50px !important;padding-bottom: 150px !important;padding-left: 50px !important;background-image: url(http:\/\/ipfpericiales.com\/wp-content\/uploads\/2017\/01\/compliance.jpg?id=2565) !important;background-position: center !important;background-repeat: no-repeat !important;background-size: cover !important;}&#8220;][vc_column css=&#8220;.vc_custom_1456481586721{padding-top: 0px [&hellip;]<\/p>\n","protected":false},"author":1,"featured_media":0,"parent":2849,"menu_order":5,"comment_status":"closed","ping_status":"closed","template":"","meta":{"footnotes":""},"_links":{"self":[{"href":"https:\/\/ipfpericiales.com\/de\/wp-json\/wp\/v2\/pages\/2841"}],"collection":[{"href":"https:\/\/ipfpericiales.com\/de\/wp-json\/wp\/v2\/pages"}],"about":[{"href":"https:\/\/ipfpericiales.com\/de\/wp-json\/wp\/v2\/types\/page"}],"author":[{"embeddable":true,"href":"https:\/\/ipfpericiales.com\/de\/wp-json\/wp\/v2\/users\/1"}],"replies":[{"embeddable":true,"href":"https:\/\/ipfpericiales.com\/de\/wp-json\/wp\/v2\/comments?post=2841"}],"version-history":[{"count":1,"href":"https:\/\/ipfpericiales.com\/de\/wp-json\/wp\/v2\/pages\/2841\/revisions"}],"predecessor-version":[{"id":2842,"href":"https:\/\/ipfpericiales.com\/de\/wp-json\/wp\/v2\/pages\/2841\/revisions\/2842"}],"up":[{"embeddable":true,"href":"https:\/\/ipfpericiales.com\/de\/wp-json\/wp\/v2\/pages\/2849"}],"wp:attachment":[{"href":"https:\/\/ipfpericiales.com\/de\/wp-json\/wp\/v2\/media?parent=2841"}],"curies":[{"name":"wp","href":"https:\/\/api.w.org\/{rel}","templated":true}]}}