{"id":2838,"date":"2017-11-03T12:07:19","date_gmt":"2017-11-03T12:07:19","guid":{"rendered":"http:\/\/ipfpericiales.com\/de\/?page_id=2838"},"modified":"2017-11-03T12:56:38","modified_gmt":"2017-11-03T12:56:38","slug":"intelligence-verfahren","status":"publish","type":"page","link":"https:\/\/ipfpericiales.com\/de\/dienstleistungen\/intelligence-verfahren\/","title":{"rendered":"Intelligence Verfahren"},"content":{"rendered":"<div class=\"wpb-content-wrapper\"><p>[vc_row css=&#8220;.vc_custom_1489595588168{padding-top: 150px !important;padding-right: 50px !important;padding-bottom: 150px !important;padding-left: 50px !important;background-image: url(http:\/\/ipfpericiales.com\/wp-content\/uploads\/2017\/01\/inteligencia_corp_y_servicios_home.jpg?id=2555) !important;background-position: center !important;background-repeat: no-repeat !important;background-size: cover !important;}&#8220;][vc_column css=&#8220;.vc_custom_1456481586721{padding-top: 0px !important;padding-bottom: 0px !important;}&#8220;][\/vc_column][\/vc_row][vc_row][vc_column][vc_column_text]<\/p>\n<h4 style=\"text-align: center;\">Wir definieren Corporate Intelligence als die Methode zur <strong>Erhebung und Analyse von Daten<\/strong> zwecks <strong>Identifizierung<\/strong> potenzieller Risiken oder Schwachstellen, die ein Unternehmen bei seinen Prozessen haben kann.<\/h4>\n<p>[\/vc_column_text][\/vc_column][\/vc_row][vc_row][vc_column][vc_separator][\/vc_column][\/vc_row][vc_row][vc_column][vc_column_text]Diese Identifizierung umfasst zwei unterschiedliche Leistungsarten:[\/vc_column_text][vc_tta_accordion active_section=&#8220;&#8220; collapsible_all=&#8220;true&#8220;][vc_tta_section title=&#8220;Business Intelligence &amp; Investigations (BI&amp;I)&#8220; tab_id=&#8220;1488384100268-43a06ef5-7d07&#8243;][vc_column_text]Analyse und grafische Darstellung der Gesellschafts- und Verm\u00f6gensstruktur, verbunden mit einer nat\u00fcrlichen oder juristischen Person und der unterschiedlichen Finanz- und Verm\u00f6gensverkn\u00fcpfungen, die aus der Datenerhebung \u00fcber Dritte entstehen k\u00f6nnen, die Gegenstand der Analyse und Ermittlung sind (Lieferanten, Kunden, Dritte au\u00dferhalb des Umfeldes der jeweiligen Gesellschaft usw.).<\/p>\n<p>Daf\u00fcr st\u00fctzen wir uns auf die folgenden Quellen:<\/p>\n<ul>\n<li>Suche im \u201eDeep Web\u201c des Internets<\/li>\n<li>\u00d6ffentliche und beschr\u00e4nkte (nationale\/ internationale) Datenbanken<\/li>\n<li>Soziale Netzwerke, Foren, Blogs usw<\/li>\n<li>\u201eHumint&#8220;-Quellen (menschliche, vertrauliche Quellen)<\/li>\n<\/ul>\n<p>[\/vc_column_text][vc_single_image image=&#8220;2504&#8243; img_size=&#8220;full&#8220; alignment=&#8220;center&#8220; css_animation=&#8220;top-to-bottom&#8220;][vc_column_text el_class=&#8220;.tm-list-2&#8243;]Nach Erhebung und Bestandsaufnahme der verf\u00fcgbaren Daten wird eine spezielle Software eingesetzt, mit der die verschiedenen, eventuell entstandenen Verkn\u00fcpfungen verwaltet und grafisch dargestellt werden.[\/vc_column_text][\/vc_tta_section][vc_tta_section title=&#8220;Sicherheits- und Krisenmanagement-Consulting&#8220; tab_id=&#8220;1488384100398-f641539e-5a01&#8243;][vc_column_text]<br \/>\nAnalyse der Schwachstellen und M\u00e4ngel in Sachen Sicherheit und Verh\u00fctung von Risiken eines Kundenunternehmens bei der Aus\u00fcbung seiner Aufgaben und Gesch\u00e4fte auf nationaler und internationaler Ebene.[\/vc_column_text][vc_column_text]Sicherheits- und Krisenmanagement-Consulting. Identifizierung der wichtigsten Risiken eines Unternehmens bei seinen nationalen und\/oder internationalen Prozessen, Katalogisierung nach Risikostufen zwecks Einf\u00fchrung der entsprechenden Risikominderungsma\u00dfnahmen in einer sp\u00e4teren Phase und Aufbau des Organigramms des Unternehmens in Sachen Krisenmanagement.<\/p>\n<h4>a) Vollst\u00e4ndige (physische, logische und prozessuale) Sicherheits-Audits<\/h4>\n<h4>b) International Projekte<\/h4>\n<ul>\n<li>Erarbeitung von Krisenmanagementsystemen f\u00fcr Unternehmen<\/li>\n<li>Risikoanalyse \/ Matrizen von Sicherheitsrisiken<\/li>\n<li>Evakuierungspl\u00e4ne \/ Eventualfall<\/li>\n<li>Krisenschutz\u00fcbungen (Notf\u00e4lle)<\/li>\n<li>L\u00e4nderrisikoberichte<\/li>\n<li>Schulung von Expats<\/li>\n<li>Fortlaufende Beratung vor Ort in Drittl\u00e4ndern<\/li>\n<li>Protokolle \u00fcber Reiserisikomanagement f\u00fcr entsandtes Personal oder Au\u00dfendienstmitarbeiter<\/li>\n<li>St\u00e4ndige informative \u00dcberwachung der Sicherheit an Au\u00dfenstellen<\/li>\n<li>Sicherheitswarnsystem 7\/24<\/li>\n<li>Einsatz von Software f\u00fcr externe Risiken. Pr\u00e4senzkontrolle von Expats, Risikoauskunft und Datenbank f\u00fcr Risiken an Au\u00dfenstellen<\/li>\n<\/ul>\n<p>[\/vc_column_text][\/vc_tta_section][\/vc_tta_accordion][\/vc_column][\/vc_row][vc_row][vc_column][vc_separator color=&#8220;white&#8220; border_width=&#8220;10&#8243;][\/vc_column][\/vc_row]<\/p>\n<\/div>","protected":false},"excerpt":{"rendered":"<p>[vc_row css=&#8220;.vc_custom_1489595588168{padding-top: 150px !important;padding-right: 50px !important;padding-bottom: 150px !important;padding-left: 50px !important;background-image: url(http:\/\/ipfpericiales.com\/wp-content\/uploads\/2017\/01\/inteligencia_corp_y_servicios_home.jpg?id=2555) !important;background-position: center !important;background-repeat: no-repeat !important;background-size: cover !important;}&#8220;][vc_column css=&#8220;.vc_custom_1456481586721{padding-top: 0px [&hellip;]<\/p>\n","protected":false},"author":1,"featured_media":0,"parent":2849,"menu_order":4,"comment_status":"closed","ping_status":"closed","template":"","meta":{"footnotes":""},"_links":{"self":[{"href":"https:\/\/ipfpericiales.com\/de\/wp-json\/wp\/v2\/pages\/2838"}],"collection":[{"href":"https:\/\/ipfpericiales.com\/de\/wp-json\/wp\/v2\/pages"}],"about":[{"href":"https:\/\/ipfpericiales.com\/de\/wp-json\/wp\/v2\/types\/page"}],"author":[{"embeddable":true,"href":"https:\/\/ipfpericiales.com\/de\/wp-json\/wp\/v2\/users\/1"}],"replies":[{"embeddable":true,"href":"https:\/\/ipfpericiales.com\/de\/wp-json\/wp\/v2\/comments?post=2838"}],"version-history":[{"count":2,"href":"https:\/\/ipfpericiales.com\/de\/wp-json\/wp\/v2\/pages\/2838\/revisions"}],"predecessor-version":[{"id":2840,"href":"https:\/\/ipfpericiales.com\/de\/wp-json\/wp\/v2\/pages\/2838\/revisions\/2840"}],"up":[{"embeddable":true,"href":"https:\/\/ipfpericiales.com\/de\/wp-json\/wp\/v2\/pages\/2849"}],"wp:attachment":[{"href":"https:\/\/ipfpericiales.com\/de\/wp-json\/wp\/v2\/media?parent=2838"}],"curies":[{"name":"wp","href":"https:\/\/api.w.org\/{rel}","templated":true}]}}