{"id":2836,"date":"2017-11-03T12:01:42","date_gmt":"2017-11-03T12:01:42","guid":{"rendered":"http:\/\/ipfpericiales.com\/de\/?page_id=2836"},"modified":"2017-12-13T08:49:02","modified_gmt":"2017-12-13T08:49:02","slug":"gerichtliches-labor","status":"publish","type":"page","link":"https:\/\/ipfpericiales.com\/de\/dienstleistungen\/gerichtliches-labor\/","title":{"rendered":"Gerichtliches Labor"},"content":{"rendered":"<div class=\"wpb-content-wrapper\"><p>[vc_row css=&#8220;.vc_custom_1488964476547{padding-top: 150px !important;padding-right: 50px !important;padding-bottom: 150px !important;padding-left: 50px !important;background-image: url(http:\/\/ipfpericiales.com\/wp-content\/uploads\/2017\/01\/laboratorio_forense.jpg?id=2561) !important;background-position: center !important;background-repeat: no-repeat !important;background-size: cover !important;}&#8220;][vc_column css=&#8220;.vc_custom_1456481586721{padding-top: 0px !important;padding-bottom: 0px !important;}&#8220;][\/vc_column][\/vc_row][vc_row][vc_column width=&#8220;1\/6&#8243;][\/vc_column][vc_column width=&#8220;2\/3&#8243;][vc_column_text]<\/p>\n<h4 style=\"text-align: center;\">Im technologischen Umfeld arbeiten unsere Techniker am besten und bringen einen Mehrwert.<\/h4>\n<p>[\/vc_column_text][\/vc_column][vc_column width=&#8220;1\/6&#8243;][\/vc_column][\/vc_row][vc_row][vc_column][vc_separator][\/vc_column][\/vc_row][vc_row el_class=&#8220;tablas&#8220;][vc_column width=&#8220;1\/3&#8243;][vc_column_text]<\/p>\n<h3>R\u00fcckgewinnung und gerichtliche Analyse von Systemen<\/h3>\n<p>[\/vc_column_text][\/vc_column][vc_column width=&#8220;2\/3&#8243;][vc_column_text]<\/p>\n<ul>\n<li><strong>R\u00fcckgewinnung und Analyse der einschl\u00e4gigen digitalen Nachweise<\/strong> oder elektronischen Beweise aus Informationssystemen von Unternehmen und Hardware (Server, Computer, Laptops, Desktops, Sicherheitskopien, Mobiltelefonen usw.)<\/li>\n<li>Sicherstellung der <strong>Produktkette,<\/strong> Vollst\u00e4ndigkeit, G\u00fcltigkeit und Beibringung der Nachweise in einem Gerichtsverfahren.<\/li>\n<\/ul>\n<p>[\/vc_column_text][\/vc_column][\/vc_row][vc_row el_class=&#8220;tablas&#8220;][vc_column width=&#8220;1\/3&#8243;][vc_column_text]<\/p>\n<h3>E-discovery<\/h3>\n<p>[\/vc_column_text][\/vc_column][vc_column width=&#8220;2\/3&#8243;][vc_column_text]<\/p>\n<ul>\n<li><strong>Vorbereitung der Information<\/strong> \u00fcber Katalogisierung, Indexierung, Deduplikation als Vorphase f\u00fcr die sp\u00e4tere Datenanalyse.<\/li>\n<li>Einsatz der Software, die eine <strong>dynamische Analyse<\/strong> und die genaue Erf\u00fcllung des spanischen Datenschutzgesetzes <strong>(LOPD) sicherstellt.<\/strong><\/li>\n<\/ul>\n<p>[\/vc_column_text][\/vc_column][\/vc_row][vc_row el_class=&#8220;tablas&#8220;][vc_column width=&#8220;1\/3&#8243;][vc_column_text]<\/p>\n<h3>Informatik-Gutachten<\/h3>\n<p>[\/vc_column_text][\/vc_column][vc_column width=&#8220;2\/3&#8243;][vc_column_text]<\/p>\n<ul>\n<li>Analyse <strong>b\u00f6sartiger Software:<\/strong> Quellcode, Malware usw.<\/li>\n<li>Aufdeckung von <strong>Datenlecks, Computerkriminalit\u00e4t, Datendiebstahl,<\/strong> Eindringen in Systeme, rechtswidrigen Kopien des Codes usw.<\/li>\n<li><strong>\u00dcberpr\u00fcfung der Registrierungen<\/strong> von Informationssystemen.<\/li>\n<li>Analyse der <strong>Netzwerkauslastung.<\/strong><\/li>\n<\/ul>\n<p>[\/vc_column_text][\/vc_column][\/vc_row]<\/p>\n<\/div>","protected":false},"excerpt":{"rendered":"<p>[vc_row css=&#8220;.vc_custom_1488964476547{padding-top: 150px !important;padding-right: 50px !important;padding-bottom: 150px !important;padding-left: 50px !important;background-image: url(http:\/\/ipfpericiales.com\/wp-content\/uploads\/2017\/01\/laboratorio_forense.jpg?id=2561) !important;background-position: center !important;background-repeat: no-repeat !important;background-size: cover !important;}&#8220;][vc_column css=&#8220;.vc_custom_1456481586721{padding-top: 0px [&hellip;]<\/p>\n","protected":false},"author":1,"featured_media":0,"parent":2849,"menu_order":3,"comment_status":"closed","ping_status":"closed","template":"","meta":{"footnotes":""},"_links":{"self":[{"href":"https:\/\/ipfpericiales.com\/de\/wp-json\/wp\/v2\/pages\/2836"}],"collection":[{"href":"https:\/\/ipfpericiales.com\/de\/wp-json\/wp\/v2\/pages"}],"about":[{"href":"https:\/\/ipfpericiales.com\/de\/wp-json\/wp\/v2\/types\/page"}],"author":[{"embeddable":true,"href":"https:\/\/ipfpericiales.com\/de\/wp-json\/wp\/v2\/users\/1"}],"replies":[{"embeddable":true,"href":"https:\/\/ipfpericiales.com\/de\/wp-json\/wp\/v2\/comments?post=2836"}],"version-history":[{"count":2,"href":"https:\/\/ipfpericiales.com\/de\/wp-json\/wp\/v2\/pages\/2836\/revisions"}],"predecessor-version":[{"id":2931,"href":"https:\/\/ipfpericiales.com\/de\/wp-json\/wp\/v2\/pages\/2836\/revisions\/2931"}],"up":[{"embeddable":true,"href":"https:\/\/ipfpericiales.com\/de\/wp-json\/wp\/v2\/pages\/2849"}],"wp:attachment":[{"href":"https:\/\/ipfpericiales.com\/de\/wp-json\/wp\/v2\/media?parent=2836"}],"curies":[{"name":"wp","href":"https:\/\/api.w.org\/{rel}","templated":true}]}}