{"id":2834,"date":"2017-11-03T11:53:41","date_gmt":"2017-11-03T11:53:41","guid":{"rendered":"http:\/\/ipfpericiales.com\/de\/?page_id=2834"},"modified":"2023-12-13T17:58:59","modified_gmt":"2023-12-13T17:58:59","slug":"betrugsermittlung","status":"publish","type":"page","link":"https:\/\/ipfpericiales.com\/de\/dienstleistungen\/betrugsermittlung\/","title":{"rendered":"Betrugsermittlung"},"content":{"rendered":"<div class=\"wpb-content-wrapper\"><p>[vc_row css=&#8220;.vc_custom_1488969598203{padding-top: 150px !important;padding-right: 50px !important;padding-bottom: 150px !important;padding-left: 50px !important;background-image: url(http:\/\/ipfpericiales.com\/wp-content\/uploads\/2017\/01\/investigacion_del_fraude.jpg?id=2562) !important;background-position: center !important;background-repeat: no-repeat !important;background-size: cover !important;}&#8220;][vc_column css=&#8220;.vc_custom_1456481586721{padding-top: 0px !important;padding-bottom: 0px !important;}&#8220;][\/vc_column][\/vc_row][vc_row][vc_column width=&#8220;1\/6&#8243;][\/vc_column][vc_column width=&#8220;2\/3&#8243;][vc_column_text]<\/p>\n<h4 style=\"text-align: center;\">Umfassender Service, der unseren Kunden die bestm\u00f6gliche Entscheidung erm\u00f6glicht.<\/h4>\n<p>[\/vc_column_text][\/vc_column][vc_column width=&#8220;1\/6&#8243;][\/vc_column][\/vc_row][vc_row][vc_column][vc_separator][\/vc_column][\/vc_row][vc_row equal_height=&#8220;yes&#8220; content_placement=&#8220;bottom&#8220;][vc_column width=&#8220;1\/2&#8243;][vc_column_text]<\/p>\n<ul>\n<li>Quantifizierung und Nachweis der\u00a0<b>Bilanzverschleierung, Unterschlagung von Verm\u00f6genwerten usw.<\/b><\/li>\n<li><b>Sachverst\u00e4ndigengutachten mit Quantifizierung des<\/b>\u00a0entstandenen\u00a0<b>wirtschaftlichen Schadens.<\/b><\/li>\n<li>Beibringung zu einem potenziellen Zivil-, Arbeits- und\/oder Strafverfahren.<\/li>\n<\/ul>\n<p>[\/vc_column_text][vc_single_image image=&#8220;2098&#8243; img_size=&#8220;100&#215;68&#8243; alignment=&#8220;right&#8220;][\/vc_column][vc_column width=&#8220;1\/2&#8243;][vc_single_image image=&#8220;2097&#8243; img_size=&#8220;100&#215;68&#8243;][vc_column_text]<\/p>\n<ul>\n<li><b>Lokalisierung, Nachverfolgung.<\/b><\/li>\n<li><b>Und Wiedergewinnung von Verm\u00f6genswerten.<\/b>\u00a0Identifikation und Nachverfolgung von Finanzgesch\u00e4ften \u2013 \u201eCash Tracing\u201c und \u201eAsset tracing\u201c.<\/li>\n<li><b>Wiedergewinnung\u00a0<\/b>\u00fcber Sicherheitsma\u00dfnahmen, Verhandlungen, Rechtsstreite, Zusammenarbeit mit lokalen Beh\u00f6rden usw.<\/li>\n<\/ul>\n<p>[\/vc_column_text][\/vc_column][\/vc_row]<\/p>\n<\/div>","protected":false},"excerpt":{"rendered":"<p>[vc_row css=&#8220;.vc_custom_1488969598203{padding-top: 150px !important;padding-right: 50px !important;padding-bottom: 150px !important;padding-left: 50px !important;background-image: url(http:\/\/ipfpericiales.com\/wp-content\/uploads\/2017\/01\/investigacion_del_fraude.jpg?id=2562) !important;background-position: center !important;background-repeat: no-repeat !important;background-size: cover !important;}&#8220;][vc_column css=&#8220;.vc_custom_1456481586721{padding-top: 0px [&hellip;]<\/p>\n","protected":false},"author":1,"featured_media":0,"parent":2849,"menu_order":2,"comment_status":"closed","ping_status":"closed","template":"","meta":{"footnotes":""},"_links":{"self":[{"href":"https:\/\/ipfpericiales.com\/de\/wp-json\/wp\/v2\/pages\/2834"}],"collection":[{"href":"https:\/\/ipfpericiales.com\/de\/wp-json\/wp\/v2\/pages"}],"about":[{"href":"https:\/\/ipfpericiales.com\/de\/wp-json\/wp\/v2\/types\/page"}],"author":[{"embeddable":true,"href":"https:\/\/ipfpericiales.com\/de\/wp-json\/wp\/v2\/users\/1"}],"replies":[{"embeddable":true,"href":"https:\/\/ipfpericiales.com\/de\/wp-json\/wp\/v2\/comments?post=2834"}],"version-history":[{"count":3,"href":"https:\/\/ipfpericiales.com\/de\/wp-json\/wp\/v2\/pages\/2834\/revisions"}],"predecessor-version":[{"id":3156,"href":"https:\/\/ipfpericiales.com\/de\/wp-json\/wp\/v2\/pages\/2834\/revisions\/3156"}],"up":[{"embeddable":true,"href":"https:\/\/ipfpericiales.com\/de\/wp-json\/wp\/v2\/pages\/2849"}],"wp:attachment":[{"href":"https:\/\/ipfpericiales.com\/de\/wp-json\/wp\/v2\/media?parent=2834"}],"curies":[{"name":"wp","href":"https:\/\/api.w.org\/{rel}","templated":true}]}}