{"id":2829,"date":"2017-11-03T11:44:19","date_gmt":"2017-11-03T11:44:19","guid":{"rendered":"http:\/\/ipfpericiales.com\/de\/?page_id=2829"},"modified":"2017-12-13T08:48:33","modified_gmt":"2017-12-13T08:48:33","slug":"sachverstaendigengutachten","status":"publish","type":"page","link":"https:\/\/ipfpericiales.com\/de\/dienstleistungen\/sachverstaendigengutachten\/","title":{"rendered":"Sachverst\u00e4ndigengutachten"},"content":{"rendered":"<div class=\"wpb-content-wrapper\"><p>[vc_row css=&#8220;.vc_custom_1488964242876{padding-top: 150px !important;padding-right: 50px !important;padding-bottom: 150px !important;padding-left: 50px !important;background-image: url(http:\/\/ipfpericiales.com\/wp-content\/uploads\/2017\/03\/informes_periciales_y_credenciales_home_opacity.jpg?id=2577) !important;background-position: center !important;background-repeat: no-repeat !important;background-size: cover !important;}&#8220;][vc_column css=&#8220;.vc_custom_1456481586721{padding-top: 0px !important;padding-bottom: 0px !important;}&#8220;][\/vc_column][\/vc_row][vc_row][vc_column width=&#8220;1\/6&#8243;][\/vc_column][vc_column width=&#8220;2\/3&#8243;][vc_column_text]<\/p>\n<h4 style=\"text-align: center;\">Unsere Berichte bieten finanzielle Unterst\u00fctzung in allen Rechtsgebieten, die Bewertung  eines unabh\u00e4ngigen Experten erfordern.<\/h4>\n<p>[\/vc_column_text][\/vc_column][vc_column width=&#8220;1\/6&#8243;][\/vc_column][\/vc_row][vc_row][vc_column][vc_separator][\/vc_column][\/vc_row][vc_row][vc_column][vc_tta_accordion active_section=&#8220;&#8220; collapsible_all=&#8220;true&#8220;][vc_tta_section title=&#8220;Zivilrecht \/ Verfahrensrecht&#8220; tab_id=&#8220;1487841536395-e8b3428a-ce21&#8243;][vc_column_text]<\/p>\n<ul>\n<li>Quantifizierung der finanziellen Sch\u00e4den: eingetretener Schaden und entgangener Gewinn<\/li>\n<li>Kritische Analyse der von der Gegenseite vorgelegten Gutachten (Gegenberichte)<\/li>\n<li>Unabh\u00e4ngige Expertenmeinung zu komplexen Buchhaltungs- und Wirtschaftsfragen<\/li>\n<\/ul>\n<p>[\/vc_column_text][\/vc_tta_section][vc_tta_section title=&#8220;Handelsrecht \/ Gesellschaftsrecht&#8220; tab_id=&#8220;1487841536630-f836ff4b-6339&#8243;][vc_column_text]<\/p>\n<ul>\n<li>Bewertung von Vertragsbr\u00fcchen oder unterschiedlichen Auslegungen von Vertragsklauseln<\/li>\n<li>Festsetzung der Preisberichtigung bei Transaktionen<\/li>\n<li>Sachverst\u00e4ndigengutachten bei Joint-Venture, Fusionen und \u00dcbernahmen<\/li>\n<li>Streitigkeiten zwischen Aktion\u00e4ren, Gesellschaftern und Verwaltungsrat<\/li>\n<\/ul>\n<p>[\/vc_column_text][\/vc_tta_section][vc_tta_section title=&#8220;Strafrecht&#8220; tab_id=&#8220;1487841689318-b9c51f3b-2e36&#8243;][vc_column_text]<\/p>\n<ul>\n<li>Ermittlung von Wirtschafts- und Computerkriminalit\u00e4t<\/li>\n<li>Gerichtliche Analyse digitaler Nachweise und Quantifizierung des m\u00f6glichen finanziellen Schadens<\/li>\n<\/ul>\n<p>[\/vc_column_text][\/vc_tta_section][vc_tta_section title=&#8220;\u00d6ffentliches Verwaltungsrecht&#8220; tab_id=&#8220;1487841746333-c89d57ae-63e2&#8243;][vc_column_text]<\/p>\n<ul>\n<li>Bewertung von Rechtsverletzungen oder anderen Auslegungen der geltenden Klauseln bei Verwaltungsgenehmigungen<\/li>\n<li>Quantifizierung der Sch\u00e4den und Nachteile aufgrund von \u00c4nderungen der Regelungen<\/li>\n<\/ul>\n<p>[\/vc_column_text][\/vc_tta_section][vc_tta_section title=&#8220;Sarbanes-Oxley Act\/ FCPA&#8220; tab_id=&#8220;1487841803189-382a2bd4-840d&#8220;][vc_column_text]<\/p>\n<ul>\n<li>Betrugsermittlungen<\/li>\n<li>Analyse und Wiederherstellung von verschleierter Bilanzen<\/li>\n<\/ul>\n<p>[\/vc_column_text][\/vc_tta_section][vc_tta_section title=&#8220;Arbeitsrecht&#8220; tab_id=&#8220;1487841845130-b26f69b2-e251&#8243;][vc_column_text]<\/p>\n<ul>\n<li>Analyse digitaler Nachweise \u00fcber unlauteren Wettbewerb von hohen F\u00fchrungskr\u00e4ften oder Angestellten<\/li>\n<li>Sachverst\u00e4ndigengutachten \u00fcber vermutliche Regelwidrigkeiten, die ggf. mit K\u00fcndigung von Arbeitsvertr\u00e4gen enden<\/li>\n<li>Fachgutachten als Nachweis von objektiven Entalssungen<\/li>\n<\/ul>\n<p>[\/vc_column_text][\/vc_tta_section][\/vc_tta_accordion][\/vc_column][\/vc_row][vc_row css=&#8220;.vc_custom_1488191397924{margin-top: 50px !important;}&#8220;][vc_column][vc_column_text]<\/p>\n<h1 style=\"text-align: center;\">Was bringt IPF bei?<\/h1>\n<h3 style=\"text-align: center;\">Best\u00e4tigung bei den zust\u00e4ndigen Beh\u00f6rden<\/h3>\n<p>[\/vc_column_text][\/vc_column][\/vc_row][vc_row el_class=&#8220;tablas&#8220;][vc_column][vc_separator][vc_row_inner][vc_column_inner width=&#8220;1\/4&#8243;][vc_column_text]<\/p>\n<h3>Sachverst\u00e4ndigen Gutachten<\/h3>\n<p>[\/vc_column_text][\/vc_column_inner][vc_column_inner width=&#8220;3\/4&#8243;][vc_column_text]<\/p>\n<ul>\n<li>Bei <b>Konflikten<\/b> oder <b>Rechtsstreiten.<\/b><\/li>\n<li>Beitrag zum Verst\u00e4ndnis <b>komplexer wirtschaftlicher Probleme.<\/b><\/li>\n<li>Szenarien der <b>wirtschaftlich-finanziellen und kaufm\u00e4nnischen Folgen des Streits.<\/b><\/li>\n<\/ul>\n<p>[\/vc_column_text][\/vc_column_inner][\/vc_row_inner][vc_separator][vc_row_inner][vc_column_inner width=&#8220;1\/4&#8243;][vc_column_text]<\/p>\n<h3>Gegenberichte<\/h3>\n<p>[\/vc_column_text][\/vc_column_inner][vc_column_inner width=&#8220;3\/4&#8243;][vc_column_text]<\/p>\n<ul>\n<li>Erstellung von Gegenberichten als Ergebnis der kritischen und eingehenden Analyse zusammen mit einer detaillierten und begr\u00fcndeten Argumentation.<\/li>\n<\/ul>\n<p>[\/vc_column_text][\/vc_column_inner][\/vc_row_inner][vc_separator][vc_row_inner][vc_column_inner width=&#8220;1\/4&#8243;][vc_column_text]<\/p>\n<h3>Schiedsverfahren<\/h3>\n<p>[\/vc_column_text][\/vc_column_inner][vc_column_inner width=&#8220;3\/4&#8243;][vc_column_text]<\/p>\n<ul>\n<li>Beteiligung an <b>in- und ausl\u00e4ndischen Schiedsverfahren<\/b> durch Einbringung unserer Erfahrung in Wirtschaft und Buchhaltung \u00fcber Experten wie Bau-, Schiffbauingenieure, Geologen und Architekten, sofern sie f\u00fcr die Sache erforderlich sind.<\/li>\n<\/ul>\n<p>[\/vc_column_text][\/vc_column_inner][\/vc_row_inner][vc_separator][vc_row_inner][vc_column_inner width=&#8220;1\/4&#8243;][vc_column_text]<\/p>\n<h3>Sch\u00e4den und Nachteile<\/h3>\n<p>[\/vc_column_text][\/vc_column_inner][vc_column_inner width=&#8220;3\/4&#8243;][vc_column_text]<\/p>\n<ul>\n<li>Quantifizierung des <b>eingetretenen Schadens und des entgangenen Gewinns.<\/b><\/li>\n<li><b>Verl\u00e4ssliche,<\/b> objektive und unabh\u00e4ngige <b>Gutachten.<\/b><\/li>\n<\/ul>\n<p>[\/vc_column_text][\/vc_column_inner][\/vc_row_inner][vc_separator][vc_row_inner][vc_column_inner width=&#8220;1\/4&#8243;][vc_column_text]<\/p>\n<h3>Schiedsberichte<\/h3>\n<p>[\/vc_column_text][\/vc_column_inner][vc_column_inner width=&#8220;3\/4&#8243;][vc_column_text]<\/p>\n<ul>\n<li>Wahl eines Schiedsexperten zur Festsetzung der <b>Preisberichtigung bei einer Transaktion.<\/b><\/li>\n<\/ul>\n<p>[\/vc_column_text][\/vc_column_inner][\/vc_row_inner][\/vc_column][\/vc_row]<\/p>\n<\/div>","protected":false},"excerpt":{"rendered":"<p>[vc_row css=&#8220;.vc_custom_1488964242876{padding-top: 150px !important;padding-right: 50px !important;padding-bottom: 150px !important;padding-left: 50px !important;background-image: url(http:\/\/ipfpericiales.com\/wp-content\/uploads\/2017\/03\/informes_periciales_y_credenciales_home_opacity.jpg?id=2577) !important;background-position: center !important;background-repeat: no-repeat !important;background-size: cover !important;}&#8220;][vc_column css=&#8220;.vc_custom_1456481586721{padding-top: 0px [&hellip;]<\/p>\n","protected":false},"author":1,"featured_media":0,"parent":2849,"menu_order":1,"comment_status":"closed","ping_status":"closed","template":"","meta":{"footnotes":""},"_links":{"self":[{"href":"https:\/\/ipfpericiales.com\/de\/wp-json\/wp\/v2\/pages\/2829"}],"collection":[{"href":"https:\/\/ipfpericiales.com\/de\/wp-json\/wp\/v2\/pages"}],"about":[{"href":"https:\/\/ipfpericiales.com\/de\/wp-json\/wp\/v2\/types\/page"}],"author":[{"embeddable":true,"href":"https:\/\/ipfpericiales.com\/de\/wp-json\/wp\/v2\/users\/1"}],"replies":[{"embeddable":true,"href":"https:\/\/ipfpericiales.com\/de\/wp-json\/wp\/v2\/comments?post=2829"}],"version-history":[{"count":4,"href":"https:\/\/ipfpericiales.com\/de\/wp-json\/wp\/v2\/pages\/2829\/revisions"}],"predecessor-version":[{"id":2929,"href":"https:\/\/ipfpericiales.com\/de\/wp-json\/wp\/v2\/pages\/2829\/revisions\/2929"}],"up":[{"embeddable":true,"href":"https:\/\/ipfpericiales.com\/de\/wp-json\/wp\/v2\/pages\/2849"}],"wp:attachment":[{"href":"https:\/\/ipfpericiales.com\/de\/wp-json\/wp\/v2\/media?parent=2829"}],"curies":[{"name":"wp","href":"https:\/\/api.w.org\/{rel}","templated":true}]}}