{"id":2825,"date":"2017-11-03T11:35:23","date_gmt":"2017-11-03T11:35:23","guid":{"rendered":"http:\/\/ipfpericiales.com\/de\/?page_id=2825"},"modified":"2023-12-13T17:41:39","modified_gmt":"2023-12-13T17:41:39","slug":"warum-ipf","status":"publish","type":"page","link":"https:\/\/ipfpericiales.com\/de\/warum-ipf\/","title":{"rendered":"Warum IPF?"},"content":{"rendered":"<div class=\"wpb-content-wrapper\"><p>[vc_row css=&#8220;.vc_custom_1488970329952{padding-top: 150px !important;padding-right: 50px !important;padding-bottom: 150px !important;padding-left: 50px !important;background-image: url(http:\/\/ipfpericiales.com\/wp-content\/uploads\/2017\/01\/why_ipf_home.jpg?id=2557) !important;background-position: center !important;background-repeat: no-repeat !important;background-size: cover !important;}&#8220;][vc_column css=&#8220;.vc_custom_1456481586721{padding-top: 0px !important;padding-bottom: 0px !important;}&#8220;][\/vc_column][\/vc_row][vc_row][vc_column width=&#8220;1\/6&#8243;][\/vc_column][vc_column width=&#8220;2\/3&#8243;][vc_column_text]<\/p>\n<h4 style=\"text-align: center;\">Unsere jahrelange Erfahrung in gro\u03b2en Beraterfirmen ist Garantie f\u00fcr Know-How und Qualit\u00e4t. Unsere j\u00fcngste Selbstst\u00e4ndigkeit, Gew\u00e4hr f\u00fcr Enthusiasmus und vollsten Einsatz f\u00fcr alle unsere Kunden.<\/h4>\n<p>[\/vc_column_text][\/vc_column][vc_column width=&#8220;1\/6&#8243;][\/vc_column][\/vc_row][vc_row][vc_column][vc_separator][\/vc_column][\/vc_row][vc_row gap=&#8220;35&#8243;][vc_column width=&#8220;1\/2&#8243;][vc_icon icon_fontawesome=&#8220;fas fa-check&#8220; color=&#8220;grey&#8220; background_style=&#8220;rounded-outline&#8220; align=&#8220;center&#8220;][vc_column_text]<\/p>\n<h5 style=\"text-align: center;\">Wir h\u00f6ren zu<\/h5>\n<p style=\"text-align: center;\">Wir h\u00f6ren unseren Kunden zu. So k\u00f6nnen wir angemessene, zus\u00e4tzliche und\/oder zu den anfangs vorgelegten alternative Analysen und Umf\u00e4nge vorschlagen.<\/p>\n<p>[\/vc_column_text][\/vc_column][vc_column width=&#8220;1\/2&#8243;][vc_icon icon_fontawesome=&#8220;fas fa-check&#8220; color=&#8220;grey&#8220; background_style=&#8220;rounded-outline&#8220; align=&#8220;center&#8220;][vc_column_text]<\/p>\n<h5 style=\"text-align: center;\">Fachkompetenz<\/h5>\n<p style=\"text-align: center;\">Maximales Engagement. Wir sind ein erfahrenes Team und freuen uns auf ein neues Projekt; unser Projekt.<\/p>\n<p>[\/vc_column_text][\/vc_column][\/vc_row][vc_row][vc_column][vc_separator][\/vc_column][\/vc_row][vc_row gap=&#8220;35&#8243; equal_height=&#8220;yes&#8220; content_placement=&#8220;top&#8220;][vc_column css=&#8220;.vc_custom_1457056243245{padding-top: 0px !important;padding-bottom: 0px !important;}&#8220;][vc_column_text]<\/p>\n<h2>Unser Angebot<\/h2>\n<ul>\n<li><strong>Technische und didaktische Sachverst\u00e4ndigengutachten,<\/strong>die das Verst\u00e4ndnis komplexer wirtschaftlicher Probleme bei den jeweiligen zust\u00e4ndigen Beh\u00f6rden wie Richtern, Schiedsrichtern und Einrichtungen erm\u00f6glichen.<\/li>\n<li><strong>Anwendung von Verfahren f\u00fcr die Ermittlung von Finanzbetrug und wirtschaftlichen Straftaten,\u00a0<\/strong>die aufgrund ihrer fachlichen Verl\u00e4sslichkeit bei keiner Erbringung von Dienstleistungen abgelehnt wurden.<\/li>\n<li><strong>Technologisches Labor,<\/strong>in dem Infomatik-Ingenieure, die auf digitale Nachweise spezialisiert sind, das Team zur Ermittlung von Finanzbetrug erg\u00e4nzen, eine Kombination, die ein hervorragendes Ergebnis garantiert.<\/li>\n<li><strong>Ein multidisziplin\u00e4res Team.<\/strong>In unserem Netzwerk verf\u00fcgen wir \u00fcber Experten in verschiedenen Bereichen wie Finanz- und Buchhaltungsexperten, \u00d6konometriker, Informatik-, Bau- und Schiffbauingenieure, Architekten, Geologen, die eine verl\u00e4ssliche Quantifizierung des Schadens sichern.<\/li>\n<li><strong>Best\u00e4tigung<\/strong>Unsere Facharbeit runden wir mit\u00a0<b>gro\u00dfer Erfahrung in der Best\u00e4tigung<\/b>\u00a0der vorher zum Verfahren beigebrachten Sachverst\u00e4ndigengutachten im Gerichtssaal ab.<\/li>\n<\/ul>\n<p>[\/vc_column_text][\/vc_column][\/vc_row]<\/p>\n<\/div>","protected":false},"excerpt":{"rendered":"<p>[vc_row css=&#8220;.vc_custom_1488970329952{padding-top: 150px !important;padding-right: 50px !important;padding-bottom: 150px !important;padding-left: 50px !important;background-image: url(http:\/\/ipfpericiales.com\/wp-content\/uploads\/2017\/01\/why_ipf_home.jpg?id=2557) !important;background-position: center !important;background-repeat: no-repeat !important;background-size: cover !important;}&#8220;][vc_column css=&#8220;.vc_custom_1456481586721{padding-top: 0px [&hellip;]<\/p>\n","protected":false},"author":1,"featured_media":0,"parent":0,"menu_order":0,"comment_status":"closed","ping_status":"closed","template":"","meta":{"footnotes":""},"_links":{"self":[{"href":"https:\/\/ipfpericiales.com\/de\/wp-json\/wp\/v2\/pages\/2825"}],"collection":[{"href":"https:\/\/ipfpericiales.com\/de\/wp-json\/wp\/v2\/pages"}],"about":[{"href":"https:\/\/ipfpericiales.com\/de\/wp-json\/wp\/v2\/types\/page"}],"author":[{"embeddable":true,"href":"https:\/\/ipfpericiales.com\/de\/wp-json\/wp\/v2\/users\/1"}],"replies":[{"embeddable":true,"href":"https:\/\/ipfpericiales.com\/de\/wp-json\/wp\/v2\/comments?post=2825"}],"version-history":[{"count":5,"href":"https:\/\/ipfpericiales.com\/de\/wp-json\/wp\/v2\/pages\/2825\/revisions"}],"predecessor-version":[{"id":3146,"href":"https:\/\/ipfpericiales.com\/de\/wp-json\/wp\/v2\/pages\/2825\/revisions\/3146"}],"wp:attachment":[{"href":"https:\/\/ipfpericiales.com\/de\/wp-json\/wp\/v2\/media?parent=2825"}],"curies":[{"name":"wp","href":"https:\/\/api.w.org\/{rel}","templated":true}]}}